{"id":2324,"date":"2026-05-08T09:52:30","date_gmt":"2026-05-08T07:52:30","guid":{"rendered":"https:\/\/belugalovesyou.com\/?page_id=2324"},"modified":"2026-05-08T12:44:13","modified_gmt":"2026-05-08T10:44:13","slug":"pendant-la-nuit","status":"publish","type":"page","link":"https:\/\/belugalovesyou.com\/fr\/overnachten\/","title":{"rendered":"Nuit\u00e9e"},"content":{"rendered":"<div data-elementor-type=\"wp-page\" data-elementor-id=\"2324\" class=\"elementor elementor-2324\" data-elementor-post-type=\"page\">\n\t\t\t\t<div class=\"elementor-element elementor-element-54ccc40 background e-flex e-con-boxed e-con e-parent\" data-id=\"54ccc40\" data-element_type=\"container\" data-e-type=\"container\" data-settings=\"{&quot;background_background&quot;:&quot;classic&quot;,&quot;jet_parallax_layout_list&quot;:[]}\">\n\t\t\t\t\t<div class=\"e-con-inner\">\n\t\t\t\t<div class=\"elementor-element elementor-element-e793eba elementor-invisible elementor-widget elementor-widget-heading\" data-id=\"e793eba\" data-element_type=\"widget\" data-e-type=\"widget\" data-settings=\"{&quot;_animation&quot;:&quot;fadeIn&quot;,&quot;_animation_delay&quot;:300}\" data-widget_type=\"heading.default\">\n\t\t\t\t<div class=\"elementor-widget-container\">\n\t\t\t\t\t<h2 class=\"elementor-heading-title elementor-size-default\">NUIT\u00c9E<\/h2>\t\t\t\t<\/div>\n\t\t\t\t<\/div>\n\t\t\t\t\t<\/div>\n\t\t\t\t<\/div>\n\t\t<div class=\"elementor-element elementor-element-3668de2 e-flex e-con-boxed e-con e-parent\" data-id=\"3668de2\" data-element_type=\"container\" data-e-type=\"container\" data-settings=\"{&quot;background_background&quot;:&quot;classic&quot;,&quot;jet_parallax_layout_list&quot;:[]}\">\n\t\t\t\t\t<div class=\"e-con-inner\">\n\t\t\t\t<div class=\"elementor-element elementor-element-16e197d elementor-widget elementor-widget-text-editor\" data-id=\"16e197d\" data-element_type=\"widget\" data-e-type=\"widget\" data-widget_type=\"text-editor.default\">\n\t\t\t\t<div class=\"elementor-widget-container\">\n\t\t\t\t\t\t\t\t\t<p>Maastricht est une ville qui n\u00e9cessite plus d'une journ\u00e9e. Avec son centre historique, ses terrasses anim\u00e9es et sa riche culture, il y a toujours plus \u00e0 d\u00e9couvrir qu'une seule soir\u00e9e ne le permet. Vous trouverez ci-dessous une s\u00e9lection d'h\u00f4tels que nous recommandons chaleureusement \u00e0 nos clients, soigneusement choisis pour leur emplacement, leur confort et leur ambiance, afin qu'apr\u00e8s un d\u00e9licieux d\u00eener, vous puissiez \u00e9galement bien dormir.<\/p>\t\t\t\t\t\t\t\t<\/div>\n\t\t\t\t<\/div>\n\t\t<div class=\"elementor-element elementor-element-6be352c e-con-full e-flex e-con e-child\" data-id=\"6be352c\" data-element_type=\"container\" data-e-type=\"container\" data-settings=\"{&quot;jet_parallax_layout_list&quot;:[]}\">\n\t\t<div class=\"elementor-element elementor-element-fded0b6 e-con-full e-flex e-con e-child\" data-id=\"fded0b6\" data-element_type=\"container\" data-e-type=\"container\" data-settings=\"{&quot;background_background&quot;:&quot;classic&quot;,&quot;jet_parallax_layout_list&quot;:[]}\">\n\t\t\t\t<\/div>\n\t\t<div class=\"elementor-element elementor-element-9d33f24 e-con-full e-flex e-con e-child\" data-id=\"9d33f24\" data-element_type=\"container\" data-e-type=\"container\" data-settings=\"{&quot;jet_parallax_layout_list&quot;:[]}\">\n\t\t\t\t<div class=\"elementor-element elementor-element-f4ef605 elementor-widget elementor-widget-heading\" data-id=\"f4ef605\" data-element_type=\"widget\" data-e-type=\"widget\" data-widget_type=\"heading.default\">\n\t\t\t\t<div class=\"elementor-widget-container\">\n\t\t\t\t\t<h2 class=\"elementor-heading-title elementor-size-default\">Maison Haas Hustinx<\/h2>\t\t\t\t<\/div>\n\t\t\t\t<\/div>\n\t\t\t\t<div class=\"elementor-element elementor-element-93b161f elementor-widget elementor-widget-text-editor\" data-id=\"93b161f\" data-element_type=\"widget\" data-e-type=\"widget\" data-widget_type=\"text-editor.default\">\n\t\t\t\t<div class=\"elementor-widget-container\">\n\t\t\t\t\t\t\t\t\t<p>La Maison Haas Hustinx est un h\u00f4tel de charme situ\u00e9 dans deux b\u00e2timents monumentaux des ann\u00e9es 1920, en plein c\u0153ur de la Vrijthof, le c\u0153ur battant de Maastricht.<\/p><p>Les chambres et suites \u00e9l\u00e9gantes allient caract\u00e8re historique et confort contemporain. Les personnes souhaitant se d\u00e9tendre peuvent se rendre au Sanctum Spa avec piscine, hammam et sauna. Un endroit sp\u00e9cial pour compl\u00e9ter votre s\u00e9jour \u00e0 Maastricht.<\/p>\t\t\t\t\t\t\t\t<\/div>\n\t\t\t\t<\/div>\n\t\t\t\t<div class=\"elementor-element elementor-element-f483edc elementor-widget elementor-widget-button\" data-id=\"f483edc\" data-element_type=\"widget\" data-e-type=\"widget\" data-widget_type=\"button.default\">\n\t\t\t\t<div class=\"elementor-widget-container\">\n\t\t\t\t\t\t\t\t\t<div class=\"elementor-button-wrapper\">\n\t\t\t\t\t<a class=\"elementor-button elementor-button-link elementor-size-sm\" href=\"https:\/\/haashustinx.nl\/\" target=\"_blank\" rel=\"noopener\">\n\t\t\t\t\t\t<span class=\"elementor-button-content-wrapper\">\n\t\t\t\t\t\t\t\t\t<span class=\"elementor-button-text\">R\u00e9servez ici<\/span>\n\t\t\t\t\t<\/span>\n\t\t\t\t\t<\/a>\n\t\t\t\t<\/div>\n\t\t\t\t\t\t\t\t<\/div>\n\t\t\t\t<\/div>\n\t\t\t\t<\/div>\n\t\t\t\t<\/div>\n\t\t\t\t\t<\/div>\n\t\t\t\t<\/div>\n\t\t<div class=\"elementor-element elementor-element-3766c89 e-flex e-con-boxed e-con e-parent\" data-id=\"3766c89\" data-element_type=\"container\" data-e-type=\"container\" data-settings=\"{&quot;background_background&quot;:&quot;classic&quot;,&quot;jet_parallax_layout_list&quot;:[]}\">\n\t\t\t\t\t<div class=\"e-con-inner\">\n\t\t<div class=\"elementor-element elementor-element-fb11955 e-con-full e-flex e-con e-child\" data-id=\"fb11955\" data-element_type=\"container\" data-e-type=\"container\" data-settings=\"{&quot;background_background&quot;:&quot;classic&quot;,&quot;jet_parallax_layout_list&quot;:[]}\">\n\t\t\t\t<\/div>\n\t\t<div class=\"elementor-element elementor-element-6663c2c e-con-full e-flex e-con e-child\" data-id=\"6663c2c\" data-element_type=\"container\" data-e-type=\"container\" data-settings=\"{&quot;jet_parallax_layout_list&quot;:[]}\">\n\t\t\t\t<div class=\"elementor-element elementor-element-1576575 elementor-widget elementor-widget-heading\" data-id=\"1576575\" data-element_type=\"widget\" data-e-type=\"widget\" data-widget_type=\"heading.default\">\n\t\t\t\t<div class=\"elementor-widget-container\">\n\t\t\t\t\t<h2 class=\"elementor-heading-title elementor-size-default\">Kruisherenhotel<\/h2>\t\t\t\t<\/div>\n\t\t\t\t<\/div>\n\t\t\t\t<div class=\"elementor-element elementor-element-d97dc0f elementor-widget elementor-widget-text-editor\" data-id=\"d97dc0f\" data-element_type=\"widget\" data-e-type=\"widget\" data-widget_type=\"text-editor.default\">\n\t\t\t\t<div class=\"elementor-widget-container\">\n\t\t\t\t\t\t\t\t\t<p>Le Kruisherenhotel Maastricht est l'un des h\u00f4tels les plus extraordinaires des Pays-Bas : un monast\u00e8re et une \u00e9glise gothiques du XVe si\u00e8cle transform\u00e9s en un h\u00f4tel design cinq \u00e9toiles au c\u0153ur de la ville.<\/p><p>Les 60 chambres et suites combinent harmonieusement architecture s\u00e9culaire et design contemporain, tandis que le restaurant et le bar Spencer's proposent une exp\u00e9rience culinaire dynamique. Un s\u00e9jour ici est une exp\u00e9rience en soi.<\/p>\t\t\t\t\t\t\t\t<\/div>\n\t\t\t\t<\/div>\n\t\t\t\t<div class=\"elementor-element elementor-element-58aa53f elementor-widget elementor-widget-button\" data-id=\"58aa53f\" data-element_type=\"widget\" data-e-type=\"widget\" data-widget_type=\"button.default\">\n\t\t\t\t<div class=\"elementor-widget-container\">\n\t\t\t\t\t\t\t\t\t<div class=\"elementor-button-wrapper\">\n\t\t\t\t\t<a class=\"elementor-button elementor-button-link elementor-size-sm\" href=\"https:\/\/be.synxis.com\/?adult=2&amp;arrive=2026-05-08&amp;chain=32893&amp;child=0&amp;currency=EUR&amp;depart=2026-05-09&amp;hotel=47593&amp;level=hotel&amp;locale=en-US&amp;productcurrency=EUR&amp;promo=BLY-OC&amp;rooms=1\" target=\"_blank\" rel=\"noopener\">\n\t\t\t\t\t\t<span class=\"elementor-button-content-wrapper\">\n\t\t\t\t\t\t\t\t\t<span class=\"elementor-button-text\">R\u00e9servez ici<\/span>\n\t\t\t\t\t<\/span>\n\t\t\t\t\t<\/a>\n\t\t\t\t<\/div>\n\t\t\t\t\t\t\t\t<\/div>\n\t\t\t\t<\/div>\n\t\t\t\t<\/div>\n\t\t\t\t\t<\/div>\n\t\t\t\t<\/div>\n\t\t<div class=\"elementor-element elementor-element-7dece2f e-flex e-con-boxed e-con e-parent\" data-id=\"7dece2f\" data-element_type=\"container\" data-e-type=\"container\" data-settings=\"{&quot;background_background&quot;:&quot;classic&quot;,&quot;jet_parallax_layout_list&quot;:[]}\">\n\t\t\t\t\t<div class=\"e-con-inner\">\n\t\t<div class=\"elementor-element elementor-element-03bd4db e-con-full e-flex e-con e-child\" data-id=\"03bd4db\" data-element_type=\"container\" data-e-type=\"container\" data-settings=\"{&quot;background_background&quot;:&quot;classic&quot;,&quot;jet_parallax_layout_list&quot;:[]}\">\n\t\t\t\t<\/div>\n\t\t<div class=\"elementor-element elementor-element-9f173df e-con-full e-flex e-con e-child\" data-id=\"9f173df\" data-element_type=\"container\" data-e-type=\"container\" data-settings=\"{&quot;jet_parallax_layout_list&quot;:[]}\">\n\t\t\t\t<div class=\"elementor-element elementor-element-0c69729 elementor-widget elementor-widget-heading\" data-id=\"0c69729\" data-element_type=\"widget\" data-e-type=\"widget\" data-widget_type=\"heading.default\">\n\t\t\t\t<div class=\"elementor-widget-container\">\n\t\t\t\t\t<h2 class=\"elementor-heading-title elementor-size-default\">Ch\u00e2teau St. Gerlach<\/h2>\t\t\t\t<\/div>\n\t\t\t\t<\/div>\n\t\t\t\t<div class=\"elementor-element elementor-element-d3ce713 elementor-widget elementor-widget-text-editor\" data-id=\"d3ce713\" data-element_type=\"widget\" data-e-type=\"widget\" data-widget_type=\"text-editor.default\">\n\t\t\t\t<div class=\"elementor-widget-container\">\n\t\t\t\t\t\t\t\t\t<p>Le Ch\u00e2teau St. Gerlach est un ch\u00e2teau de conte de f\u00e9es et un h\u00f4tel cinq \u00e9toiles nich\u00e9 dans la vall\u00e9e vallonn\u00e9e de la Geul, pr\u00e8s de Valkenburg, \u00e0 15 minutes de route de Maastricht.<\/p><p>Le b\u00e2timent date du XIIIe si\u00e8cle et respire l'histoire, tandis que les 114 chambres et suites offrent tout le confort d'un h\u00f4tel de luxe moderne. Un spa de luxe, des jardins sereins et un caf\u00e9 de ferme traditionnel compl\u00e8tent le s\u00e9jour. Pour ceux qui souhaitent prolonger leur d\u00eener en s'\u00e9vadant totalement de la vie quotidienne.<\/p>\t\t\t\t\t\t\t\t<\/div>\n\t\t\t\t<\/div>\n\t\t\t\t<div class=\"elementor-element elementor-element-0e328f4 elementor-widget elementor-widget-button\" data-id=\"0e328f4\" data-element_type=\"widget\" data-e-type=\"widget\" data-widget_type=\"button.default\">\n\t\t\t\t<div class=\"elementor-widget-container\">\n\t\t\t\t\t\t\t\t\t<div class=\"elementor-button-wrapper\">\n\t\t\t\t\t<a class=\"elementor-button elementor-button-link elementor-size-sm\" href=\"https:\/\/be.synxis.com\/?adult=2&amp;arrive=2026-05-08&amp;chain=32893&amp;child=0&amp;currency=EUR&amp;depart=2026-05-09&amp;hotel=47592&amp;level=hotel&amp;locale=en-US&amp;productcurrency=EUR&amp;promo=BLY-OC&amp;rooms=1\" target=\"_blank\" rel=\"noopener\">\n\t\t\t\t\t\t<span class=\"elementor-button-content-wrapper\">\n\t\t\t\t\t\t\t\t\t<span class=\"elementor-button-text\">R\u00e9servez ici<\/span>\n\t\t\t\t\t<\/span>\n\t\t\t\t\t<\/a>\n\t\t\t\t<\/div>\n\t\t\t\t\t\t\t\t<\/div>\n\t\t\t\t<\/div>\n\t\t\t\t<\/div>\n\t\t\t\t\t<\/div>\n\t\t\t\t<\/div>\n\t\t\t\t<\/div>","protected":false},"excerpt":{"rendered":"<p>OVERNACHTEN Maastricht is een stad die om meer dan \u00e9\u00e9n dag vraagt. Met haar historische binnenstad, bruisende terrasjes en rijke cultuur is er altijd meer te ontdekken dan \u00e9\u00e9n avond toelaat. Hieronder vindt u een selectie hotels die wij van harte aanbevelen aan onze gasten, zorgvuldig gekozen op ligging, comfort en sfeer, zodat u na [&hellip;]<\/p>\n","protected":false},"author":1,"featured_media":0,"parent":0,"menu_order":0,"comment_status":"closed","ping_status":"closed","template":"","meta":{"_mo_disable_npp":"","footnotes":""},"class_list":["post-2324","page","type-page","status-publish","hentry"],"_links":{"self":[{"href":"https:\/\/belugalovesyou.com\/fr\/wp-json\/wp\/v2\/pages\/2324","targetHints":{"allow":["GET"]}}],"collection":[{"href":"https:\/\/belugalovesyou.com\/fr\/wp-json\/wp\/v2\/pages"}],"about":[{"href":"https:\/\/belugalovesyou.com\/fr\/wp-json\/wp\/v2\/types\/page"}],"author":[{"embeddable":true,"href":"https:\/\/belugalovesyou.com\/fr\/wp-json\/wp\/v2\/users\/1"}],"replies":[{"embeddable":true,"href":"https:\/\/belugalovesyou.com\/fr\/wp-json\/wp\/v2\/comments?post=2324"}],"version-history":[{"count":7,"href":"https:\/\/belugalovesyou.com\/fr\/wp-json\/wp\/v2\/pages\/2324\/revisions"}],"predecessor-version":[{"id":2336,"href":"https:\/\/belugalovesyou.com\/fr\/wp-json\/wp\/v2\/pages\/2324\/revisions\/2336"}],"wp:attachment":[{"href":"https:\/\/belugalovesyou.com\/fr\/wp-json\/wp\/v2\/media?parent=2324"}],"curies":[{"name":"wp","href":"https:\/\/api.w.org\/{rel}","templated":true}]}}