{"id":130,"date":"2022-07-06T10:31:35","date_gmt":"2022-07-06T08:31:35","guid":{"rendered":"https:\/\/043test9.nl\/?page_id=130"},"modified":"2025-11-30T16:56:37","modified_gmt":"2025-11-30T15:56:37","slug":"home","status":"publish","type":"page","link":"https:\/\/belugalovesyou.com\/fr\/","title":{"rendered":"Accueil"},"content":{"rendered":"<div data-elementor-type=\"wp-page\" data-elementor-id=\"130\" class=\"elementor elementor-130\" data-elementor-post-type=\"page\">\n\t\t\t\t<div class=\"elementor-element elementor-element-f2388fc e-flex e-con-boxed e-con e-parent\" data-id=\"f2388fc\" data-element_type=\"container\" data-e-type=\"container\" data-settings=\"{&quot;jet_parallax_layout_list&quot;:[]}\">\n\t\t\t\t\t<div class=\"e-con-inner\">\n\t\t\t\t<div class=\"elementor-element elementor-element-173be13 elementor-invisible elementor-widget elementor-widget-heading\" data-id=\"173be13\" data-element_type=\"widget\" data-e-type=\"widget\" data-settings=\"{&quot;_animation&quot;:&quot;fadeIn&quot;,&quot;_animation_delay&quot;:300}\" data-widget_type=\"heading.default\">\n\t\t\t\t<div class=\"elementor-widget-container\">\n\t\t\t\t\t<h2 class=\"elementor-heading-title elementor-size-default\">BELUGA<\/h2>\t\t\t\t<\/div>\n\t\t\t\t<\/div>\n\t\t\t\t<div class=\"elementor-element elementor-element-0e85ecb elementor-invisible elementor-widget elementor-widget-heading\" data-id=\"0e85ecb\" data-element_type=\"widget\" data-e-type=\"widget\" data-settings=\"{&quot;_animation&quot;:&quot;fadeIn&quot;,&quot;_animation_delay&quot;:600}\" data-widget_type=\"heading.default\">\n\t\t\t\t<div class=\"elementor-widget-container\">\n\t\t\t\t\t<h2 class=\"elementor-heading-title elementor-size-default\">T'AIME<\/h2>\t\t\t\t<\/div>\n\t\t\t\t<\/div>\n\t\t\t\t<div class=\"elementor-element elementor-element-495c7cd elementor-widget__width-auto elementor-invisible elementor-widget elementor-widget-image\" data-id=\"495c7cd\" data-element_type=\"widget\" data-e-type=\"widget\" data-settings=\"{&quot;_animation&quot;:&quot;fadeIn&quot;,&quot;_animation_delay&quot;:900}\" data-widget_type=\"image.default\">\n\t\t\t\t<div class=\"elementor-widget-container\">\n\t\t\t\t\t\t\t\t\t\t\t\t\t\t\t<img fetchpriority=\"high\" decoding=\"async\" width=\"916\" height=\"1000\" src=\"https:\/\/belugalovesyou.com\/wp-content\/uploads\/2023\/04\/Michelin-Rood.png\" class=\"attachment-full size-full wp-image-1394\" alt=\"\" srcset=\"https:\/\/belugalovesyou.com\/wp-content\/uploads\/2023\/04\/Michelin-Rood.png 916w, https:\/\/belugalovesyou.com\/wp-content\/uploads\/2023\/04\/Michelin-Rood-275x300.png 275w, https:\/\/belugalovesyou.com\/wp-content\/uploads\/2023\/04\/Michelin-Rood-768x838.png 768w, https:\/\/belugalovesyou.com\/wp-content\/uploads\/2023\/04\/Michelin-Rood-11x12.png 11w\" sizes=\"(max-width: 916px) 100vw, 916px\" \/>\t\t\t\t\t\t\t\t\t\t\t\t\t\t\t<\/div>\n\t\t\t\t<\/div>\n\t\t\t\t\t<\/div>\n\t\t\t\t<\/div>\n\t\t<div class=\"elementor-element elementor-element-414fe30 e-flex e-con-boxed e-con e-parent\" data-id=\"414fe30\" data-element_type=\"container\" data-e-type=\"container\" data-settings=\"{&quot;background_background&quot;:&quot;gradient&quot;,&quot;jet_parallax_layout_list&quot;:[]}\">\n\t\t\t\t\t<div class=\"e-con-inner\">\n\t\t\t\t<div class=\"elementor-element elementor-element-4c483ae elementor-widget elementor-widget-image\" data-id=\"4c483ae\" data-element_type=\"widget\" data-e-type=\"widget\" data-widget_type=\"image.default\">\n\t\t\t\t<div class=\"elementor-widget-container\">\n\t\t\t\t\t\t\t\t\t\t\t\t\t\t\t<img decoding=\"async\" src=\"https:\/\/belugalovesyou.com\/wp-content\/uploads\/elementor\/thumbs\/Tarbot-1-pwc9i2w14jgx4ptqh2olxr76uomugssi5n9mmwx8co.jpg\" title=\"Restaurant de luxe Maastricht | \u00c9toile Michelin\" alt=\"Restaurant de luxe Maastricht | \u00c9toile Michelin\" loading=\"lazy\" \/>\t\t\t\t\t\t\t\t\t\t\t\t\t\t\t<\/div>\n\t\t\t\t<\/div>\n\t\t\t\t\t<\/div>\n\t\t\t\t<\/div>\n\t\t<div class=\"elementor-element elementor-element-37103ff e-flex e-con-boxed e-con e-parent\" data-id=\"37103ff\" data-element_type=\"container\" data-e-type=\"container\" data-settings=\"{&quot;jet_parallax_layout_list&quot;:[],&quot;background_background&quot;:&quot;classic&quot;}\">\n\t\t\t\t\t<div class=\"e-con-inner\">\n\t\t\t\t<div class=\"elementor-element elementor-element-9b33a76 e-transform elementor-widget__width-inherit elementor-widget elementor-widget-image\" data-id=\"9b33a76\" data-element_type=\"widget\" data-e-type=\"widget\" data-settings=\"{&quot;_transform_translateY_effect&quot;:{&quot;unit&quot;:&quot;px&quot;,&quot;size&quot;:-110,&quot;sizes&quot;:[]},&quot;_transform_translateY_effect_tablet&quot;:{&quot;unit&quot;:&quot;px&quot;,&quot;size&quot;:-150,&quot;sizes&quot;:[]},&quot;_transform_translateY_effect_mobile&quot;:{&quot;unit&quot;:&quot;px&quot;,&quot;size&quot;:-60,&quot;sizes&quot;:[]},&quot;_transform_translateX_effect&quot;:{&quot;unit&quot;:&quot;px&quot;,&quot;size&quot;:&quot;&quot;,&quot;sizes&quot;:[]},&quot;_transform_translateX_effect_tablet&quot;:{&quot;unit&quot;:&quot;px&quot;,&quot;size&quot;:&quot;&quot;,&quot;sizes&quot;:[]},&quot;_transform_translateX_effect_mobile&quot;:{&quot;unit&quot;:&quot;px&quot;,&quot;size&quot;:&quot;&quot;,&quot;sizes&quot;:[]}}\" data-widget_type=\"image.default\">\n\t\t\t\t<div class=\"elementor-widget-container\">\n\t\t\t\t\t\t\t\t\t\t\t\t\t\t\t<img decoding=\"async\" width=\"1500\" height=\"2197\" src=\"https:\/\/belugalovesyou.com\/wp-content\/uploads\/2022\/10\/servais-copy2.jpg\" class=\"attachment-full size-full wp-image-743\" alt=\"Restaurant de luxe Maastricht | \u00c9toile Michelin\" srcset=\"https:\/\/belugalovesyou.com\/wp-content\/uploads\/2022\/10\/servais-copy2.jpg 1500w, https:\/\/belugalovesyou.com\/wp-content\/uploads\/2022\/10\/servais-copy2-205x300.jpg 205w, https:\/\/belugalovesyou.com\/wp-content\/uploads\/2022\/10\/servais-copy2-699x1024.jpg 699w, https:\/\/belugalovesyou.com\/wp-content\/uploads\/2022\/10\/servais-copy2-768x1125.jpg 768w, https:\/\/belugalovesyou.com\/wp-content\/uploads\/2022\/10\/servais-copy2-1049x1536.jpg 1049w, https:\/\/belugalovesyou.com\/wp-content\/uploads\/2022\/10\/servais-copy2-1398x2048.jpg 1398w\" sizes=\"(max-width: 1500px) 100vw, 1500px\" \/>\t\t\t\t\t\t\t\t\t\t\t\t\t\t\t<\/div>\n\t\t\t\t<\/div>\n\t\t<div class=\"elementor-element elementor-element-b05b886 e-con-full e-flex e-con e-child\" data-id=\"b05b886\" data-element_type=\"container\" data-e-type=\"container\" data-settings=\"{&quot;jet_parallax_layout_list&quot;:[]}\">\n\t\t\t\t<div class=\"elementor-element elementor-element-58e14ff premium-header-block premium-header-inline premium-lq__none premium-box-lq__none elementor-widget elementor-widget-premium-addon-dual-header\" data-id=\"58e14ff\" data-element_type=\"widget\" data-e-type=\"widget\" data-widget_type=\"premium-addon-dual-header.default\">\n\t\t\t\t\t\n\t\t<div class=\"elementor-widget-container\">\n\t\t\t\t\t<h2 class=\"premium-dual-header-first-header\"><span class=\"premium-dual-header-first-span\">La mission de <\/span><span class=\"premium-dual-header-second-header\">b\u00e9luga<\/span><\/h2> \t\t\t\t<\/div>\n\n\t\t\t\t\t\t<\/div>\n\t\t\t\t<div class=\"elementor-element elementor-element-15a0528 elementor-widget elementor-widget-text-editor\" data-id=\"15a0528\" data-element_type=\"widget\" data-e-type=\"widget\" data-widget_type=\"text-editor.default\">\n\t\t\t\t<div class=\"elementor-widget-container\">\n\t\t\t\t\t\t\t\t\tAu Beluga Loves You, nous nous effor\u00e7ons toujours de donner le meilleur \u00e0 nos clients. Nous pr\u00e9f\u00e9rons utiliser des produits locaux dans la mesure du possible. Apr\u00e8s tout, il y a tant de beaut\u00e9 \u00e0 trouver dans le quartier, pour peu que l'on regarde autour de soi.\t\t\t\t\t\t\t\t<\/div>\n\t\t\t\t<\/div>\n\t\t\t\t<div class=\"elementor-element elementor-element-ab49b4b elementor-widget elementor-widget-text-editor\" data-id=\"ab49b4b\" data-element_type=\"widget\" data-e-type=\"widget\" data-widget_type=\"text-editor.default\">\n\t\t\t\t<div class=\"elementor-widget-container\">\n\t\t\t\t\t\t\t\t\t<p>C'est alors un formidable d\u00e9fi de montrer, \u00e0 travers les plats, que nous pouvons \u00eatre fiers de tout ce que notre r\u00e9gion a \u00e0 offrir. Cette recherche constante de la simplicit\u00e9 est ce qui rend mon m\u00e9tier si fantastique.<\/p>\t\t\t\t\t\t\t\t<\/div>\n\t\t\t\t<\/div>\n\t\t\t\t<\/div>\n\t\t\t\t\t<\/div>\n\t\t\t\t<\/div>\n\t\t<div class=\"elementor-element elementor-element-b5673d3 e-flex e-con-boxed e-con e-parent\" data-id=\"b5673d3\" data-element_type=\"container\" data-e-type=\"container\" data-settings=\"{&quot;background_background&quot;:&quot;classic&quot;,&quot;jet_parallax_layout_list&quot;:[]}\">\n\t\t\t\t\t<div class=\"e-con-inner\">\n\t\t\t\t<div class=\"elementor-element elementor-element-298abba premium-header-inline premium-header-inline premium-lq__none premium-box-lq__none elementor-widget elementor-widget-premium-addon-dual-header\" data-id=\"298abba\" data-element_type=\"widget\" data-e-type=\"widget\" data-widget_type=\"premium-addon-dual-header.default\">\n\t\t\t\t\t\n\t\t<div class=\"elementor-widget-container\">\n\t\t\t\t\t<h2 class=\"premium-dual-header-first-header\"><span class=\"premium-dual-header-first-span\">BLY <\/span><span class=\"premium-dual-header-second-header\">Menu<\/span><\/h2> \t\t\t\t<\/div>\n\n\t\t\t\t\t\t<\/div>\n\t\t\t\t<div class=\"elementor-element elementor-element-9c8751f elementor-widget elementor-widget-heading\" data-id=\"9c8751f\" data-element_type=\"widget\" data-e-type=\"widget\" data-widget_type=\"heading.default\">\n\t\t\t\t<div class=\"elementor-widget-container\">\n\t\t\t\t\t<p class=\"elementor-heading-title elementor-size-default\">Voyez, sentez et go\u00fbtez les saveurs de la saison. <\/p>\t\t\t\t<\/div>\n\t\t\t\t<\/div>\n\t\t<div class=\"elementor-element elementor-element-fcdbac5 e-con-full e-flex e-con e-child\" data-id=\"fcdbac5\" data-element_type=\"container\" data-e-type=\"container\" data-settings=\"{&quot;jet_parallax_layout_list&quot;:[]}\">\n\t\t<div class=\"elementor-element elementor-element-36db2f7 e-con-full e-flex e-con e-child\" data-id=\"36db2f7\" data-element_type=\"container\" data-e-type=\"container\" data-settings=\"{&quot;background_background&quot;:&quot;classic&quot;,&quot;jet_parallax_layout_list&quot;:[]}\">\n\t\t<div class=\"elementor-element elementor-element-ce6aa21 e-flex e-con-boxed e-con e-child\" data-id=\"ce6aa21\" data-element_type=\"container\" data-e-type=\"container\" data-settings=\"{&quot;jet_parallax_layout_list&quot;:[]}\">\n\t\t\t\t\t<div class=\"e-con-inner\">\n\t\t\t\t<div class=\"elementor-element elementor-element-2e7e465 elementor-widget elementor-widget-image\" data-id=\"2e7e465\" data-element_type=\"widget\" data-e-type=\"widget\" data-widget_type=\"image.default\">\n\t\t\t\t<div class=\"elementor-widget-container\">\n\t\t\t\t\t\t\t\t\t\t\t\t\t\t\t<img decoding=\"async\" width=\"1055\" height=\"1877\" src=\"https:\/\/belugalovesyou.com\/wp-content\/uploads\/2024\/02\/menu2024.jpg\" class=\"attachment-full size-full wp-image-1767\" alt=\"menu\" srcset=\"https:\/\/belugalovesyou.com\/wp-content\/uploads\/2024\/02\/menu2024.jpg 1055w, https:\/\/belugalovesyou.com\/wp-content\/uploads\/2024\/02\/menu2024-169x300.jpg 169w, https:\/\/belugalovesyou.com\/wp-content\/uploads\/2024\/02\/menu2024-576x1024.jpg 576w, https:\/\/belugalovesyou.com\/wp-content\/uploads\/2024\/02\/menu2024-768x1366.jpg 768w, https:\/\/belugalovesyou.com\/wp-content\/uploads\/2024\/02\/menu2024-863x1536.jpg 863w, https:\/\/belugalovesyou.com\/wp-content\/uploads\/2024\/02\/menu2024-7x12.jpg 7w\" sizes=\"(max-width: 1055px) 100vw, 1055px\" \/>\t\t\t\t\t\t\t\t\t\t\t\t\t\t\t<\/div>\n\t\t\t\t<\/div>\n\t\t\t\t<div class=\"elementor-element elementor-element-d2106d9 premium-header-inline premium-header-inline premium-lq__none premium-box-lq__none elementor-widget elementor-widget-premium-addon-dual-header\" data-id=\"d2106d9\" data-element_type=\"widget\" data-e-type=\"widget\" data-widget_type=\"premium-addon-dual-header.default\">\n\t\t\t\t\t\n\t\t<div class=\"elementor-widget-container\">\n\t\t\t\t<a href=\"https:\/\/belugalovesyou.com\/fr\/menu\/#3courselunch\">\n\t\t\t\t\t<p class=\"premium-dual-header-first-header\"><span class=\"premium-dual-header-first-span\">BLY <\/span><span class=\"premium-dual-header-second-header\">Menu<\/span><\/p> \t\t\t\t<\/a>\n\t\t\t\t<\/div>\n\n\t\t\t\t\t\t<\/div>\n\t\t\t\t<div class=\"elementor-element elementor-element-d560940 elementor-widget elementor-widget-text-editor\" data-id=\"d560940\" data-element_type=\"widget\" data-e-type=\"widget\" data-widget_type=\"text-editor.default\">\n\t\t\t\t<div class=\"elementor-widget-container\">\n\t\t\t\t\t\t\t\t\t<p>Profitez de notre menu BLY prim\u00e9 ! Choisissez entre un d\u00e9jeuner \u00e0 4, 5 ou 6 plats ou un d\u00eener \u00e0 6, 7 ou 8 plats.\u00a0<\/p>\t\t\t\t\t\t\t\t<\/div>\n\t\t\t\t<\/div>\n\t\t\t\t\t<\/div>\n\t\t\t\t<\/div>\n\t\t\t\t<div class=\"elementor-element elementor-element-318127a elementor-align-justify elementor-widget elementor-widget-button\" data-id=\"318127a\" data-element_type=\"widget\" data-e-type=\"widget\" data-widget_type=\"button.default\">\n\t\t\t\t<div class=\"elementor-widget-container\">\n\t\t\t\t\t\t\t\t\t<div class=\"elementor-button-wrapper\">\n\t\t\t\t\t<a class=\"elementor-button elementor-button-link elementor-size-sm\" href=\"https:\/\/belugalovesyou.com\/fr\/menu\/#menu\">\n\t\t\t\t\t\t<span class=\"elementor-button-content-wrapper\">\n\t\t\t\t\t\t\t\t\t<span class=\"elementor-button-text\">Menu<\/span>\n\t\t\t\t\t<\/span>\n\t\t\t\t\t<\/a>\n\t\t\t\t<\/div>\n\t\t\t\t\t\t\t\t<\/div>\n\t\t\t\t<\/div>\n\t\t\t\t<\/div>\n\t\t<div class=\"elementor-element elementor-element-0806e83 e-con-full e-flex e-con e-child\" data-id=\"0806e83\" data-element_type=\"container\" data-e-type=\"container\" data-settings=\"{&quot;jet_parallax_layout_list&quot;:[]}\">\n\t\t<div class=\"elementor-element elementor-element-b1fa1ce e-flex e-con-boxed e-con e-child\" data-id=\"b1fa1ce\" data-element_type=\"container\" data-e-type=\"container\" data-settings=\"{&quot;jet_parallax_layout_list&quot;:[]}\">\n\t\t\t\t\t<div class=\"e-con-inner\">\n\t\t\t\t<div class=\"elementor-element elementor-element-69fcf0a elementor-widget elementor-widget-image\" data-id=\"69fcf0a\" data-element_type=\"widget\" data-e-type=\"widget\" data-widget_type=\"image.default\">\n\t\t\t\t<div class=\"elementor-widget-container\">\n\t\t\t\t\t\t\t\t\t\t\t\t\t\t\t<img loading=\"lazy\" decoding=\"async\" width=\"1055\" height=\"1875\" src=\"https:\/\/belugalovesyou.com\/wp-content\/uploads\/2024\/02\/surprise-menu.jpg\" class=\"attachment-full size-full wp-image-1744\" alt=\"menu surprise\" srcset=\"https:\/\/belugalovesyou.com\/wp-content\/uploads\/2024\/02\/surprise-menu.jpg 1055w, https:\/\/belugalovesyou.com\/wp-content\/uploads\/2024\/02\/surprise-menu-169x300.jpg 169w, https:\/\/belugalovesyou.com\/wp-content\/uploads\/2024\/02\/surprise-menu-576x1024.jpg 576w, https:\/\/belugalovesyou.com\/wp-content\/uploads\/2024\/02\/surprise-menu-768x1365.jpg 768w, https:\/\/belugalovesyou.com\/wp-content\/uploads\/2024\/02\/surprise-menu-864x1536.jpg 864w, https:\/\/belugalovesyou.com\/wp-content\/uploads\/2024\/02\/surprise-menu-7x12.jpg 7w\" sizes=\"(max-width: 1055px) 100vw, 1055px\" \/>\t\t\t\t\t\t\t\t\t\t\t\t\t\t\t<\/div>\n\t\t\t\t<\/div>\n\t\t\t\t<div class=\"elementor-element elementor-element-a0dccf8 premium-header-inline premium-header-inline premium-lq__none premium-box-lq__none elementor-widget elementor-widget-premium-addon-dual-header\" data-id=\"a0dccf8\" data-element_type=\"widget\" data-e-type=\"widget\" data-widget_type=\"premium-addon-dual-header.default\">\n\t\t\t\t\t\n\t\t<div class=\"elementor-widget-container\">\n\t\t\t\t<a href=\"https:\/\/belugalovesyou.com\/fr\/menu\/#4course\">\n\t\t\t\t\t<p class=\"premium-dual-header-first-header\"><span class=\"premium-dual-header-first-span\">Servais <\/span><span class=\"premium-dual-header-second-header\">S\u00e9lection<\/span><\/p> \t\t\t\t<\/a>\n\t\t\t\t<\/div>\n\n\t\t\t\t\t\t<\/div>\n\t\t\t\t<div class=\"elementor-element elementor-element-d24635d elementor-widget elementor-widget-text-editor\" data-id=\"d24635d\" data-element_type=\"widget\" data-e-type=\"widget\" data-widget_type=\"text-editor.default\">\n\t\t\t\t<div class=\"elementor-widget-container\">\n\t\t\t\t\t\t\t\t\t<p>Nous servons un menu 4 services comprenant un ap\u00e9ritif, 4 verres de vin assortis et de l'eau min\u00e9rale pour seulement 155 euros.\u00a0<\/p>\t\t\t\t\t\t\t\t<\/div>\n\t\t\t\t<\/div>\n\t\t\t\t\t<\/div>\n\t\t\t\t<\/div>\n\t\t\t\t<div class=\"elementor-element elementor-element-a7ea46f elementor-align-justify elementor-widget elementor-widget-button\" data-id=\"a7ea46f\" data-element_type=\"widget\" data-e-type=\"widget\" data-widget_type=\"button.default\">\n\t\t\t\t<div class=\"elementor-widget-container\">\n\t\t\t\t\t\t\t\t\t<div class=\"elementor-button-wrapper\">\n\t\t\t\t\t<a class=\"elementor-button elementor-button-link elementor-size-sm\" href=\"https:\/\/belugalovesyou.com\/fr\/menu\/#special\">\n\t\t\t\t\t\t<span class=\"elementor-button-content-wrapper\">\n\t\t\t\t\t\t\t\t\t<span class=\"elementor-button-text\">menu<\/span>\n\t\t\t\t\t<\/span>\n\t\t\t\t\t<\/a>\n\t\t\t\t<\/div>\n\t\t\t\t\t\t\t\t<\/div>\n\t\t\t\t<\/div>\n\t\t\t\t<\/div>\n\t\t<div class=\"elementor-element elementor-element-8758b46 e-con-full e-flex e-con e-child\" data-id=\"8758b46\" data-element_type=\"container\" data-e-type=\"container\" data-settings=\"{&quot;jet_parallax_layout_list&quot;:[]}\">\n\t\t<div class=\"elementor-element elementor-element-0b20230 e-flex e-con-boxed e-con e-child\" data-id=\"0b20230\" data-element_type=\"container\" data-e-type=\"container\" data-settings=\"{&quot;jet_parallax_layout_list&quot;:[]}\">\n\t\t\t\t\t<div class=\"e-con-inner\">\n\t\t\t\t<div class=\"elementor-element elementor-element-e549133 elementor-widget elementor-widget-image\" data-id=\"e549133\" data-element_type=\"widget\" data-e-type=\"widget\" data-widget_type=\"image.default\">\n\t\t\t\t<div class=\"elementor-widget-container\">\n\t\t\t\t\t\t\t\t\t\t\t\t\t\t\t<img loading=\"lazy\" decoding=\"async\" width=\"1055\" height=\"1876\" src=\"https:\/\/belugalovesyou.com\/wp-content\/uploads\/2024\/04\/www.socially.nl_2024-03-29_Beluga-Loves-You_HighRes_002.jpg\" class=\"attachment-full size-full wp-image-1813\" alt=\"\" srcset=\"https:\/\/belugalovesyou.com\/wp-content\/uploads\/2024\/04\/www.socially.nl_2024-03-29_Beluga-Loves-You_HighRes_002.jpg 1055w, https:\/\/belugalovesyou.com\/wp-content\/uploads\/2024\/04\/www.socially.nl_2024-03-29_Beluga-Loves-You_HighRes_002-169x300.jpg 169w, https:\/\/belugalovesyou.com\/wp-content\/uploads\/2024\/04\/www.socially.nl_2024-03-29_Beluga-Loves-You_HighRes_002-576x1024.jpg 576w, https:\/\/belugalovesyou.com\/wp-content\/uploads\/2024\/04\/www.socially.nl_2024-03-29_Beluga-Loves-You_HighRes_002-768x1366.jpg 768w, https:\/\/belugalovesyou.com\/wp-content\/uploads\/2024\/04\/www.socially.nl_2024-03-29_Beluga-Loves-You_HighRes_002-864x1536.jpg 864w, https:\/\/belugalovesyou.com\/wp-content\/uploads\/2024\/04\/www.socially.nl_2024-03-29_Beluga-Loves-You_HighRes_002-7x12.jpg 7w\" sizes=\"(max-width: 1055px) 100vw, 1055px\" \/>\t\t\t\t\t\t\t\t\t\t\t\t\t\t\t<\/div>\n\t\t\t\t<\/div>\n\t\t\t\t<div class=\"elementor-element elementor-element-a510778 premium-header-inline premium-header-inline premium-lq__none premium-box-lq__none elementor-widget elementor-widget-premium-addon-dual-header\" data-id=\"a510778\" data-element_type=\"widget\" data-e-type=\"widget\" data-widget_type=\"premium-addon-dual-header.default\">\n\t\t\t\t\t\n\t\t<div class=\"elementor-widget-container\">\n\t\t\t\t<a href=\"https:\/\/belugalovesyou.com\/fr\/menu\/#7course\">\n\t\t\t\t\t<p class=\"premium-dual-header-first-header\"><span class=\"premium-dual-header-first-span\">BLY <\/span><span class=\"premium-dual-header-second-header\">Entreprises<\/span><\/p> \t\t\t\t<\/a>\n\t\t\t\t<\/div>\n\n\t\t\t\t\t\t<\/div>\n\t\t\t\t<div class=\"elementor-element elementor-element-2908f0d elementor-widget elementor-widget-text-editor\" data-id=\"2908f0d\" data-element_type=\"widget\" data-e-type=\"widget\" data-widget_type=\"text-editor.default\">\n\t\t\t\t<div class=\"elementor-widget-container\">\n\t\t\t\t\t\t\t\t\t<p>Un d\u00e9jeuner d'affaires avec votre client ou partenaire ? C'est possible au Beluga Loves You !<\/p>\t\t\t\t\t\t\t\t<\/div>\n\t\t\t\t<\/div>\n\t\t\t\t\t<\/div>\n\t\t\t\t<\/div>\n\t\t\t\t<div class=\"elementor-element elementor-element-35d0314 elementor-align-justify elementor-widget elementor-widget-button\" data-id=\"35d0314\" data-element_type=\"widget\" data-e-type=\"widget\" data-widget_type=\"button.default\">\n\t\t\t\t<div class=\"elementor-widget-container\">\n\t\t\t\t\t\t\t\t\t<div class=\"elementor-button-wrapper\">\n\t\t\t\t\t<a class=\"elementor-button elementor-button-link elementor-size-sm\" href=\"https:\/\/belugalovesyou.com\/fr\/menu\/#business\">\n\t\t\t\t\t\t<span class=\"elementor-button-content-wrapper\">\n\t\t\t\t\t\t\t\t\t<span class=\"elementor-button-text\">menu<\/span>\n\t\t\t\t\t<\/span>\n\t\t\t\t\t<\/a>\n\t\t\t\t<\/div>\n\t\t\t\t\t\t\t\t<\/div>\n\t\t\t\t<\/div>\n\t\t\t\t<\/div>\n\t\t\t\t<\/div>\n\t\t\t\t\t<\/div>\n\t\t\t\t<\/div>\n\t\t<div class=\"elementor-element elementor-element-d7ecb39 e-flex e-con-boxed e-con e-parent\" data-id=\"d7ecb39\" data-element_type=\"container\" data-e-type=\"container\" data-settings=\"{&quot;jet_parallax_layout_list&quot;:[]}\">\n\t\t\t\t\t<div class=\"e-con-inner\">\n\t\t\t\t<div class=\"elementor-element elementor-element-b265278 premium-header-block premium-header-inline premium-lq__none premium-box-lq__none elementor-widget elementor-widget-premium-addon-dual-header\" data-id=\"b265278\" data-element_type=\"widget\" data-e-type=\"widget\" data-widget_type=\"premium-addon-dual-header.default\">\n\t\t\t\t\t\n\t\t<div class=\"elementor-widget-container\">\n\t\t\t\t\t<h2 class=\"premium-dual-header-first-header\"><span class=\"premium-dual-header-first-span\">l'histoire de <\/span><span class=\"premium-dual-header-second-header\">b\u00e9luga<\/span><\/h2> \t\t\t\t<\/div>\n\n\t\t\t\t\t\t<\/div>\n\t\t\t\t\t<\/div>\n\t\t\t\t<\/div>\n\t\t<div class=\"elementor-element elementor-element-2db4dad e-flex e-con-boxed e-con e-parent\" data-id=\"2db4dad\" data-element_type=\"container\" data-e-type=\"container\" id=\"background\" data-settings=\"{&quot;background_background&quot;:&quot;classic&quot;,&quot;jet_parallax_layout_list&quot;:[]}\">\n\t\t\t\t\t<div class=\"e-con-inner\">\n\t\t<div class=\"elementor-element elementor-element-c3b97d1 e-con-full elementor-hidden-tablet elementor-hidden-mobile e-flex e-con e-child\" data-id=\"c3b97d1\" data-element_type=\"container\" data-e-type=\"container\" data-settings=\"{&quot;jet_parallax_layout_list&quot;:[]}\">\n\t\t\t\t<\/div>\n\t\t<div class=\"elementor-element elementor-element-5831bdd e-con-full e-flex e-con e-child\" data-id=\"5831bdd\" data-element_type=\"container\" data-e-type=\"container\" data-settings=\"{&quot;jet_parallax_layout_list&quot;:[]}\">\n\t\t\t\t<div class=\"elementor-element elementor-element-cef78bc elementor-widget elementor-widget-heading\" data-id=\"cef78bc\" data-element_type=\"widget\" data-e-type=\"widget\" data-widget_type=\"heading.default\">\n\t\t\t\t<div class=\"elementor-widget-container\">\n\t\t\t\t\t<h2 class=\"elementor-heading-title elementor-size-default\">rien n'est perdu<\/h2>\t\t\t\t<\/div>\n\t\t\t\t<\/div>\n\t\t\t\t<div class=\"elementor-element elementor-element-478fa5a elementor-widget elementor-widget-text-editor\" data-id=\"478fa5a\" data-element_type=\"widget\" data-e-type=\"widget\" data-widget_type=\"text-editor.default\">\n\t\t\t\t<div class=\"elementor-widget-container\">\n\t\t\t\t\t\t\t\t\t<p>Au Beluga Loves You, nous accordons une grande importance \u00e0 la provenance de nos ingr\u00e9dients. La provenance est le fil conducteur de nos plats au Beluga Loves You. Nos plats ont toujours un ton frais, avec un ingr\u00e9dient principal de haute qualit\u00e9. Nos garnitures sont toujours subordonn\u00e9es \u00e0 l'ingr\u00e9dient principal.<\/p>\t\t\t\t\t\t\t\t<\/div>\n\t\t\t\t<\/div>\n\t\t\t\t<div class=\"elementor-element elementor-element-b160dd2 elementor-widget elementor-widget-button\" data-id=\"b160dd2\" data-element_type=\"widget\" data-e-type=\"widget\" data-widget_type=\"button.default\">\n\t\t\t\t<div class=\"elementor-widget-container\">\n\t\t\t\t\t\t\t\t\t<div class=\"elementor-button-wrapper\">\n\t\t\t\t\t<a class=\"elementor-button elementor-button-link elementor-size-sm\" href=\"https:\/\/belugalovesyou.com\/fr\/lhistoire\/\">\n\t\t\t\t\t\t<span class=\"elementor-button-content-wrapper\">\n\t\t\t\t\t\t\t\t\t<span class=\"elementor-button-text\">Lire plus<\/span>\n\t\t\t\t\t<\/span>\n\t\t\t\t\t<\/a>\n\t\t\t\t<\/div>\n\t\t\t\t\t\t\t\t<\/div>\n\t\t\t\t<\/div>\n\t\t\t\t<\/div>\n\t\t\t\t\t<\/div>\n\t\t\t\t<\/div>\n\t\t\t\t<\/div>","protected":false},"excerpt":{"rendered":"<p>BELUGA LOVES YOU De missie van beluga Bij Beluga Loves You streven we altijd naar het \u00e1llerbeste voor onze gasten. Het liefst gebruiken we daarbij zoveel mogelijk lokale producten. Er is namelijk zoveel moois in de buurt te vinden, als je maar goed om je heen kijkt. Het is vervolgens een prachtige uitdaging om door [&hellip;]<\/p>\n","protected":false},"author":1,"featured_media":0,"parent":0,"menu_order":0,"comment_status":"closed","ping_status":"closed","template":"","meta":{"_mo_disable_npp":"","footnotes":""},"class_list":["post-130","page","type-page","status-publish","hentry"],"_links":{"self":[{"href":"https:\/\/belugalovesyou.com\/fr\/wp-json\/wp\/v2\/pages\/130","targetHints":{"allow":["GET"]}}],"collection":[{"href":"https:\/\/belugalovesyou.com\/fr\/wp-json\/wp\/v2\/pages"}],"about":[{"href":"https:\/\/belugalovesyou.com\/fr\/wp-json\/wp\/v2\/types\/page"}],"author":[{"embeddable":true,"href":"https:\/\/belugalovesyou.com\/fr\/wp-json\/wp\/v2\/users\/1"}],"replies":[{"embeddable":true,"href":"https:\/\/belugalovesyou.com\/fr\/wp-json\/wp\/v2\/comments?post=130"}],"version-history":[{"count":23,"href":"https:\/\/belugalovesyou.com\/fr\/wp-json\/wp\/v2\/pages\/130\/revisions"}],"predecessor-version":[{"id":2253,"href":"https:\/\/belugalovesyou.com\/fr\/wp-json\/wp\/v2\/pages\/130\/revisions\/2253"}],"wp:attachment":[{"href":"https:\/\/belugalovesyou.com\/fr\/wp-json\/wp\/v2\/media?parent=130"}],"curies":[{"name":"wp","href":"https:\/\/api.w.org\/{rel}","templated":true}]}}