{"id":2324,"date":"2026-05-08T09:52:30","date_gmt":"2026-05-08T07:52:30","guid":{"rendered":"https:\/\/belugalovesyou.com\/?page_id=2324"},"modified":"2026-05-08T12:44:13","modified_gmt":"2026-05-08T10:44:13","slug":"uber-nacht","status":"publish","type":"page","link":"https:\/\/belugalovesyou.com\/de\/overnachten\/","title":{"rendered":"\u00dcbernachtung"},"content":{"rendered":"<div data-elementor-type=\"wp-page\" data-elementor-id=\"2324\" class=\"elementor elementor-2324\" data-elementor-post-type=\"page\">\n\t\t\t\t<div class=\"elementor-element elementor-element-54ccc40 background e-flex e-con-boxed e-con e-parent\" data-id=\"54ccc40\" data-element_type=\"container\" data-e-type=\"container\" data-settings=\"{&quot;background_background&quot;:&quot;classic&quot;,&quot;jet_parallax_layout_list&quot;:[]}\">\n\t\t\t\t\t<div class=\"e-con-inner\">\n\t\t\t\t<div class=\"elementor-element elementor-element-e793eba elementor-invisible elementor-widget elementor-widget-heading\" data-id=\"e793eba\" data-element_type=\"widget\" data-e-type=\"widget\" data-settings=\"{&quot;_animation&quot;:&quot;fadeIn&quot;,&quot;_animation_delay&quot;:300}\" data-widget_type=\"heading.default\">\n\t\t\t\t<div class=\"elementor-widget-container\">\n\t\t\t\t\t<h2 class=\"elementor-heading-title elementor-size-default\">OVERNIGHT<\/h2>\t\t\t\t<\/div>\n\t\t\t\t<\/div>\n\t\t\t\t\t<\/div>\n\t\t\t\t<\/div>\n\t\t<div class=\"elementor-element elementor-element-3668de2 e-flex e-con-boxed e-con e-parent\" data-id=\"3668de2\" data-element_type=\"container\" data-e-type=\"container\" data-settings=\"{&quot;background_background&quot;:&quot;classic&quot;,&quot;jet_parallax_layout_list&quot;:[]}\">\n\t\t\t\t\t<div class=\"e-con-inner\">\n\t\t\t\t<div class=\"elementor-element elementor-element-16e197d elementor-widget elementor-widget-text-editor\" data-id=\"16e197d\" data-element_type=\"widget\" data-e-type=\"widget\" data-widget_type=\"text-editor.default\">\n\t\t\t\t<div class=\"elementor-widget-container\">\n\t\t\t\t\t\t\t\t\t<p>Maastricht ist eine Stadt, f\u00fcr die man mehr als einen Tag braucht. Mit ihrem historischen Stadtzentrum, den belebten Terrassen und der reichen Kultur gibt es immer mehr zu entdecken, als an einem Abend m\u00f6glich ist. Nachstehend finden Sie eine Auswahl von Hotels, die wir unseren G\u00e4sten w\u00e4rmstens empfehlen, sorgf\u00e4ltig ausgew\u00e4hlt nach Lage, Komfort und Ambiente, damit Sie nach einem k\u00f6stlichen Abendessen auch gut schlafen k\u00f6nnen.<\/p>\t\t\t\t\t\t\t\t<\/div>\n\t\t\t\t<\/div>\n\t\t<div class=\"elementor-element elementor-element-6be352c e-con-full e-flex e-con e-child\" data-id=\"6be352c\" data-element_type=\"container\" data-e-type=\"container\" data-settings=\"{&quot;jet_parallax_layout_list&quot;:[]}\">\n\t\t<div class=\"elementor-element elementor-element-fded0b6 e-con-full e-flex e-con e-child\" data-id=\"fded0b6\" data-element_type=\"container\" data-e-type=\"container\" data-settings=\"{&quot;background_background&quot;:&quot;classic&quot;,&quot;jet_parallax_layout_list&quot;:[]}\">\n\t\t\t\t<\/div>\n\t\t<div class=\"elementor-element elementor-element-9d33f24 e-con-full e-flex e-con e-child\" data-id=\"9d33f24\" data-element_type=\"container\" data-e-type=\"container\" data-settings=\"{&quot;jet_parallax_layout_list&quot;:[]}\">\n\t\t\t\t<div class=\"elementor-element elementor-element-f4ef605 elementor-widget elementor-widget-heading\" data-id=\"f4ef605\" data-element_type=\"widget\" data-e-type=\"widget\" data-widget_type=\"heading.default\">\n\t\t\t\t<div class=\"elementor-widget-container\">\n\t\t\t\t\t<h2 class=\"elementor-heading-title elementor-size-default\">Maison Haas Hustinx<\/h2>\t\t\t\t<\/div>\n\t\t\t\t<\/div>\n\t\t\t\t<div class=\"elementor-element elementor-element-93b161f elementor-widget elementor-widget-text-editor\" data-id=\"93b161f\" data-element_type=\"widget\" data-e-type=\"widget\" data-widget_type=\"text-editor.default\">\n\t\t\t\t<div class=\"elementor-widget-container\">\n\t\t\t\t\t\t\t\t\t<p>Maison Haas Hustinx ist ein attraktives Boutique-Hotel in zwei monumentalen Geb\u00e4uden aus den 1920er Jahren direkt am Vrijthof, dem pulsierenden Herzen Maastrichts.<\/p><p>Die eleganten Zimmer und Suiten verbinden historischen Charakter mit modernem Komfort, und wer sich entspannen m\u00f6chte, kann das Sanctum Spa mit Schwimmbad, Hammam und Sauna besuchen. Ein besonderer Ort, um Ihren Aufenthalt in Maastricht zu vervollst\u00e4ndigen.<\/p>\t\t\t\t\t\t\t\t<\/div>\n\t\t\t\t<\/div>\n\t\t\t\t<div class=\"elementor-element elementor-element-f483edc elementor-widget elementor-widget-button\" data-id=\"f483edc\" data-element_type=\"widget\" data-e-type=\"widget\" data-widget_type=\"button.default\">\n\t\t\t\t<div class=\"elementor-widget-container\">\n\t\t\t\t\t\t\t\t\t<div class=\"elementor-button-wrapper\">\n\t\t\t\t\t<a class=\"elementor-button elementor-button-link elementor-size-sm\" href=\"https:\/\/haashustinx.nl\/\" target=\"_blank\" rel=\"noopener\">\n\t\t\t\t\t\t<span class=\"elementor-button-content-wrapper\">\n\t\t\t\t\t\t\t\t\t<span class=\"elementor-button-text\">Hier buchen<\/span>\n\t\t\t\t\t<\/span>\n\t\t\t\t\t<\/a>\n\t\t\t\t<\/div>\n\t\t\t\t\t\t\t\t<\/div>\n\t\t\t\t<\/div>\n\t\t\t\t<\/div>\n\t\t\t\t<\/div>\n\t\t\t\t\t<\/div>\n\t\t\t\t<\/div>\n\t\t<div class=\"elementor-element elementor-element-3766c89 e-flex e-con-boxed e-con e-parent\" data-id=\"3766c89\" data-element_type=\"container\" data-e-type=\"container\" data-settings=\"{&quot;background_background&quot;:&quot;classic&quot;,&quot;jet_parallax_layout_list&quot;:[]}\">\n\t\t\t\t\t<div class=\"e-con-inner\">\n\t\t<div class=\"elementor-element elementor-element-fb11955 e-con-full e-flex e-con e-child\" data-id=\"fb11955\" data-element_type=\"container\" data-e-type=\"container\" data-settings=\"{&quot;background_background&quot;:&quot;classic&quot;,&quot;jet_parallax_layout_list&quot;:[]}\">\n\t\t\t\t<\/div>\n\t\t<div class=\"elementor-element elementor-element-6663c2c e-con-full e-flex e-con e-child\" data-id=\"6663c2c\" data-element_type=\"container\" data-e-type=\"container\" data-settings=\"{&quot;jet_parallax_layout_list&quot;:[]}\">\n\t\t\t\t<div class=\"elementor-element elementor-element-1576575 elementor-widget elementor-widget-heading\" data-id=\"1576575\" data-element_type=\"widget\" data-e-type=\"widget\" data-widget_type=\"heading.default\">\n\t\t\t\t<div class=\"elementor-widget-container\">\n\t\t\t\t\t<h2 class=\"elementor-heading-title elementor-size-default\">Kruisherenhotel<\/h2>\t\t\t\t<\/div>\n\t\t\t\t<\/div>\n\t\t\t\t<div class=\"elementor-element elementor-element-d97dc0f elementor-widget elementor-widget-text-editor\" data-id=\"d97dc0f\" data-element_type=\"widget\" data-e-type=\"widget\" data-widget_type=\"text-editor.default\">\n\t\t\t\t<div class=\"elementor-widget-container\">\n\t\t\t\t\t\t\t\t\t<p>Das Kruisherenhotel Maastricht ist eines der au\u00dfergew\u00f6hnlichsten Hotels in den Niederlanden: ein gotisches Kloster und eine Kirche aus dem 15. Jahrhundert, die in ein F\u00fcnf-Sterne-Designhotel im Herzen der Stadt umgewandelt wurden.<\/p><p>Die 60 Zimmer und Suiten verbinden nahtlos jahrhundertealte Architektur mit modernem Design, w\u00e4hrend das Restaurant und die Bar Spencer's f\u00fcr ein lebhaftes kulinarisches Erlebnis sorgen. Ein Aufenthalt hier ist ein Erlebnis f\u00fcr sich.<\/p>\t\t\t\t\t\t\t\t<\/div>\n\t\t\t\t<\/div>\n\t\t\t\t<div class=\"elementor-element elementor-element-58aa53f elementor-widget elementor-widget-button\" data-id=\"58aa53f\" data-element_type=\"widget\" data-e-type=\"widget\" data-widget_type=\"button.default\">\n\t\t\t\t<div class=\"elementor-widget-container\">\n\t\t\t\t\t\t\t\t\t<div class=\"elementor-button-wrapper\">\n\t\t\t\t\t<a class=\"elementor-button elementor-button-link elementor-size-sm\" href=\"https:\/\/be.synxis.com\/?adult=2&amp;arrive=2026-05-08&amp;chain=32893&amp;child=0&amp;currency=EUR&amp;depart=2026-05-09&amp;hotel=47593&amp;level=hotel&amp;locale=en-US&amp;productcurrency=EUR&amp;promo=BLY-OC&amp;rooms=1\" target=\"_blank\" rel=\"noopener\">\n\t\t\t\t\t\t<span class=\"elementor-button-content-wrapper\">\n\t\t\t\t\t\t\t\t\t<span class=\"elementor-button-text\">Hier buchen<\/span>\n\t\t\t\t\t<\/span>\n\t\t\t\t\t<\/a>\n\t\t\t\t<\/div>\n\t\t\t\t\t\t\t\t<\/div>\n\t\t\t\t<\/div>\n\t\t\t\t<\/div>\n\t\t\t\t\t<\/div>\n\t\t\t\t<\/div>\n\t\t<div class=\"elementor-element elementor-element-7dece2f e-flex e-con-boxed e-con e-parent\" data-id=\"7dece2f\" data-element_type=\"container\" data-e-type=\"container\" data-settings=\"{&quot;background_background&quot;:&quot;classic&quot;,&quot;jet_parallax_layout_list&quot;:[]}\">\n\t\t\t\t\t<div class=\"e-con-inner\">\n\t\t<div class=\"elementor-element elementor-element-03bd4db e-con-full e-flex e-con e-child\" data-id=\"03bd4db\" data-element_type=\"container\" data-e-type=\"container\" data-settings=\"{&quot;background_background&quot;:&quot;classic&quot;,&quot;jet_parallax_layout_list&quot;:[]}\">\n\t\t\t\t<\/div>\n\t\t<div class=\"elementor-element elementor-element-9f173df e-con-full e-flex e-con e-child\" data-id=\"9f173df\" data-element_type=\"container\" data-e-type=\"container\" data-settings=\"{&quot;jet_parallax_layout_list&quot;:[]}\">\n\t\t\t\t<div class=\"elementor-element elementor-element-0c69729 elementor-widget elementor-widget-heading\" data-id=\"0c69729\" data-element_type=\"widget\" data-e-type=\"widget\" data-widget_type=\"heading.default\">\n\t\t\t\t<div class=\"elementor-widget-container\">\n\t\t\t\t\t<h2 class=\"elementor-heading-title elementor-size-default\">Ch\u00e2teau St. Gerlach<\/h2>\t\t\t\t<\/div>\n\t\t\t\t<\/div>\n\t\t\t\t<div class=\"elementor-element elementor-element-d3ce713 elementor-widget elementor-widget-text-editor\" data-id=\"d3ce713\" data-element_type=\"widget\" data-e-type=\"widget\" data-widget_type=\"text-editor.default\">\n\t\t\t\t<div class=\"elementor-widget-container\">\n\t\t\t\t\t\t\t\t\t<p>Ch\u00e2teau St. Gerlach ist ein m\u00e4rchenhaftes F\u00fcnf-Sterne-Schloss- und Gutshotel, das im h\u00fcgeligen Geul-Tal bei Valkenburg liegt, 15 Autominuten von Maastricht entfernt.<\/p><p>Das Geb\u00e4ude stammt aus dem 13. Jahrhundert und atmet Geschichte, w\u00e4hrend die 114 Zimmer und Suiten alle Annehmlichkeiten eines modernen Luxushotels bieten. Ein Boutique-Spa, ruhige G\u00e4rten und ein traditionelles Bauernhofcaf\u00e9 runden den Aufenthalt ab. F\u00fcr diejenigen, die ihr Abendessen mit einer totalen Flucht aus dem Alltag verl\u00e4ngern m\u00f6chten.<\/p>\t\t\t\t\t\t\t\t<\/div>\n\t\t\t\t<\/div>\n\t\t\t\t<div class=\"elementor-element elementor-element-0e328f4 elementor-widget elementor-widget-button\" data-id=\"0e328f4\" data-element_type=\"widget\" data-e-type=\"widget\" data-widget_type=\"button.default\">\n\t\t\t\t<div class=\"elementor-widget-container\">\n\t\t\t\t\t\t\t\t\t<div class=\"elementor-button-wrapper\">\n\t\t\t\t\t<a class=\"elementor-button elementor-button-link elementor-size-sm\" href=\"https:\/\/be.synxis.com\/?adult=2&amp;arrive=2026-05-08&amp;chain=32893&amp;child=0&amp;currency=EUR&amp;depart=2026-05-09&amp;hotel=47592&amp;level=hotel&amp;locale=en-US&amp;productcurrency=EUR&amp;promo=BLY-OC&amp;rooms=1\" target=\"_blank\" rel=\"noopener\">\n\t\t\t\t\t\t<span class=\"elementor-button-content-wrapper\">\n\t\t\t\t\t\t\t\t\t<span class=\"elementor-button-text\">Hier buchen<\/span>\n\t\t\t\t\t<\/span>\n\t\t\t\t\t<\/a>\n\t\t\t\t<\/div>\n\t\t\t\t\t\t\t\t<\/div>\n\t\t\t\t<\/div>\n\t\t\t\t<\/div>\n\t\t\t\t\t<\/div>\n\t\t\t\t<\/div>\n\t\t\t\t<\/div>","protected":false},"excerpt":{"rendered":"<p>OVERNACHTEN Maastricht is een stad die om meer dan \u00e9\u00e9n dag vraagt. Met haar historische binnenstad, bruisende terrasjes en rijke cultuur is er altijd meer te ontdekken dan \u00e9\u00e9n avond toelaat. Hieronder vindt u een selectie hotels die wij van harte aanbevelen aan onze gasten, zorgvuldig gekozen op ligging, comfort en sfeer, zodat u na [&hellip;]<\/p>\n","protected":false},"author":1,"featured_media":0,"parent":0,"menu_order":0,"comment_status":"closed","ping_status":"closed","template":"","meta":{"_mo_disable_npp":"","footnotes":""},"class_list":["post-2324","page","type-page","status-publish","hentry"],"_links":{"self":[{"href":"https:\/\/belugalovesyou.com\/de\/wp-json\/wp\/v2\/pages\/2324","targetHints":{"allow":["GET"]}}],"collection":[{"href":"https:\/\/belugalovesyou.com\/de\/wp-json\/wp\/v2\/pages"}],"about":[{"href":"https:\/\/belugalovesyou.com\/de\/wp-json\/wp\/v2\/types\/page"}],"author":[{"embeddable":true,"href":"https:\/\/belugalovesyou.com\/de\/wp-json\/wp\/v2\/users\/1"}],"replies":[{"embeddable":true,"href":"https:\/\/belugalovesyou.com\/de\/wp-json\/wp\/v2\/comments?post=2324"}],"version-history":[{"count":7,"href":"https:\/\/belugalovesyou.com\/de\/wp-json\/wp\/v2\/pages\/2324\/revisions"}],"predecessor-version":[{"id":2336,"href":"https:\/\/belugalovesyou.com\/de\/wp-json\/wp\/v2\/pages\/2324\/revisions\/2336"}],"wp:attachment":[{"href":"https:\/\/belugalovesyou.com\/de\/wp-json\/wp\/v2\/media?parent=2324"}],"curies":[{"name":"wp","href":"https:\/\/api.w.org\/{rel}","templated":true}]}}