{"id":130,"date":"2022-07-06T10:31:35","date_gmt":"2022-07-06T08:31:35","guid":{"rendered":"https:\/\/043test9.nl\/?page_id=130"},"modified":"2025-11-30T16:56:37","modified_gmt":"2025-11-30T15:56:37","slug":"home","status":"publish","type":"page","link":"https:\/\/belugalovesyou.com\/de\/","title":{"rendered":"Startseite"},"content":{"rendered":"<div data-elementor-type=\"wp-page\" data-elementor-id=\"130\" class=\"elementor elementor-130\" data-elementor-post-type=\"page\">\n\t\t\t\t<div class=\"elementor-element elementor-element-f2388fc e-flex e-con-boxed e-con e-parent\" data-id=\"f2388fc\" data-element_type=\"container\" data-e-type=\"container\" data-settings=\"{&quot;jet_parallax_layout_list&quot;:[]}\">\n\t\t\t\t\t<div class=\"e-con-inner\">\n\t\t\t\t<div class=\"elementor-element elementor-element-173be13 elementor-invisible elementor-widget elementor-widget-heading\" data-id=\"173be13\" data-element_type=\"widget\" data-e-type=\"widget\" data-settings=\"{&quot;_animation&quot;:&quot;fadeIn&quot;,&quot;_animation_delay&quot;:300}\" data-widget_type=\"heading.default\">\n\t\t\t\t<div class=\"elementor-widget-container\">\n\t\t\t\t\t<h2 class=\"elementor-heading-title elementor-size-default\">BELUGA<\/h2>\t\t\t\t<\/div>\n\t\t\t\t<\/div>\n\t\t\t\t<div class=\"elementor-element elementor-element-0e85ecb elementor-invisible elementor-widget elementor-widget-heading\" data-id=\"0e85ecb\" data-element_type=\"widget\" data-e-type=\"widget\" data-settings=\"{&quot;_animation&quot;:&quot;fadeIn&quot;,&quot;_animation_delay&quot;:600}\" data-widget_type=\"heading.default\">\n\t\t\t\t<div class=\"elementor-widget-container\">\n\t\t\t\t\t<h2 class=\"elementor-heading-title elementor-size-default\">LIEBT DICH<\/h2>\t\t\t\t<\/div>\n\t\t\t\t<\/div>\n\t\t\t\t<div class=\"elementor-element elementor-element-495c7cd elementor-widget__width-auto elementor-invisible elementor-widget elementor-widget-image\" data-id=\"495c7cd\" data-element_type=\"widget\" data-e-type=\"widget\" data-settings=\"{&quot;_animation&quot;:&quot;fadeIn&quot;,&quot;_animation_delay&quot;:900}\" data-widget_type=\"image.default\">\n\t\t\t\t<div class=\"elementor-widget-container\">\n\t\t\t\t\t\t\t\t\t\t\t\t\t\t\t<img fetchpriority=\"high\" decoding=\"async\" width=\"916\" height=\"1000\" src=\"https:\/\/belugalovesyou.com\/wp-content\/uploads\/2023\/04\/Michelin-Rood.png\" class=\"attachment-full size-full wp-image-1394\" alt=\"\" srcset=\"https:\/\/belugalovesyou.com\/wp-content\/uploads\/2023\/04\/Michelin-Rood.png 916w, https:\/\/belugalovesyou.com\/wp-content\/uploads\/2023\/04\/Michelin-Rood-275x300.png 275w, https:\/\/belugalovesyou.com\/wp-content\/uploads\/2023\/04\/Michelin-Rood-768x838.png 768w, https:\/\/belugalovesyou.com\/wp-content\/uploads\/2023\/04\/Michelin-Rood-11x12.png 11w\" sizes=\"(max-width: 916px) 100vw, 916px\" \/>\t\t\t\t\t\t\t\t\t\t\t\t\t\t\t<\/div>\n\t\t\t\t<\/div>\n\t\t\t\t\t<\/div>\n\t\t\t\t<\/div>\n\t\t<div class=\"elementor-element elementor-element-414fe30 e-flex e-con-boxed e-con e-parent\" data-id=\"414fe30\" data-element_type=\"container\" data-e-type=\"container\" data-settings=\"{&quot;background_background&quot;:&quot;gradient&quot;,&quot;jet_parallax_layout_list&quot;:[]}\">\n\t\t\t\t\t<div class=\"e-con-inner\">\n\t\t\t\t<div class=\"elementor-element elementor-element-4c483ae elementor-widget elementor-widget-image\" data-id=\"4c483ae\" data-element_type=\"widget\" data-e-type=\"widget\" data-widget_type=\"image.default\">\n\t\t\t\t<div class=\"elementor-widget-container\">\n\t\t\t\t\t\t\t\t\t\t\t\t\t\t\t<img decoding=\"async\" src=\"https:\/\/belugalovesyou.com\/wp-content\/uploads\/elementor\/thumbs\/Tarbot-1-pwc9i2w14jgx4ptqh2olxr76uomugssi5n9mmwx8co.jpg\" title=\"Luxus-Restaurant Maastricht | Michelin-Stern\" alt=\"Luxus-Restaurant Maastricht | Michelin-Stern\" loading=\"lazy\" \/>\t\t\t\t\t\t\t\t\t\t\t\t\t\t\t<\/div>\n\t\t\t\t<\/div>\n\t\t\t\t\t<\/div>\n\t\t\t\t<\/div>\n\t\t<div class=\"elementor-element elementor-element-37103ff e-flex e-con-boxed e-con e-parent\" data-id=\"37103ff\" data-element_type=\"container\" data-e-type=\"container\" data-settings=\"{&quot;jet_parallax_layout_list&quot;:[],&quot;background_background&quot;:&quot;classic&quot;}\">\n\t\t\t\t\t<div class=\"e-con-inner\">\n\t\t\t\t<div class=\"elementor-element elementor-element-9b33a76 e-transform elementor-widget__width-inherit elementor-widget elementor-widget-image\" data-id=\"9b33a76\" data-element_type=\"widget\" data-e-type=\"widget\" data-settings=\"{&quot;_transform_translateY_effect&quot;:{&quot;unit&quot;:&quot;px&quot;,&quot;size&quot;:-110,&quot;sizes&quot;:[]},&quot;_transform_translateY_effect_tablet&quot;:{&quot;unit&quot;:&quot;px&quot;,&quot;size&quot;:-150,&quot;sizes&quot;:[]},&quot;_transform_translateY_effect_mobile&quot;:{&quot;unit&quot;:&quot;px&quot;,&quot;size&quot;:-60,&quot;sizes&quot;:[]},&quot;_transform_translateX_effect&quot;:{&quot;unit&quot;:&quot;px&quot;,&quot;size&quot;:&quot;&quot;,&quot;sizes&quot;:[]},&quot;_transform_translateX_effect_tablet&quot;:{&quot;unit&quot;:&quot;px&quot;,&quot;size&quot;:&quot;&quot;,&quot;sizes&quot;:[]},&quot;_transform_translateX_effect_mobile&quot;:{&quot;unit&quot;:&quot;px&quot;,&quot;size&quot;:&quot;&quot;,&quot;sizes&quot;:[]}}\" data-widget_type=\"image.default\">\n\t\t\t\t<div class=\"elementor-widget-container\">\n\t\t\t\t\t\t\t\t\t\t\t\t\t\t\t<img decoding=\"async\" width=\"1500\" height=\"2197\" src=\"https:\/\/belugalovesyou.com\/wp-content\/uploads\/2022\/10\/servais-copy2.jpg\" class=\"attachment-full size-full wp-image-743\" alt=\"Luxus-Restaurant Maastricht | Michelin-Stern\" srcset=\"https:\/\/belugalovesyou.com\/wp-content\/uploads\/2022\/10\/servais-copy2.jpg 1500w, https:\/\/belugalovesyou.com\/wp-content\/uploads\/2022\/10\/servais-copy2-205x300.jpg 205w, https:\/\/belugalovesyou.com\/wp-content\/uploads\/2022\/10\/servais-copy2-699x1024.jpg 699w, https:\/\/belugalovesyou.com\/wp-content\/uploads\/2022\/10\/servais-copy2-768x1125.jpg 768w, https:\/\/belugalovesyou.com\/wp-content\/uploads\/2022\/10\/servais-copy2-1049x1536.jpg 1049w, https:\/\/belugalovesyou.com\/wp-content\/uploads\/2022\/10\/servais-copy2-1398x2048.jpg 1398w\" sizes=\"(max-width: 1500px) 100vw, 1500px\" \/>\t\t\t\t\t\t\t\t\t\t\t\t\t\t\t<\/div>\n\t\t\t\t<\/div>\n\t\t<div class=\"elementor-element elementor-element-b05b886 e-con-full e-flex e-con e-child\" data-id=\"b05b886\" data-element_type=\"container\" data-e-type=\"container\" data-settings=\"{&quot;jet_parallax_layout_list&quot;:[]}\">\n\t\t\t\t<div class=\"elementor-element elementor-element-58e14ff premium-header-block premium-header-inline premium-lq__none premium-box-lq__none elementor-widget elementor-widget-premium-addon-dual-header\" data-id=\"58e14ff\" data-element_type=\"widget\" data-e-type=\"widget\" data-widget_type=\"premium-addon-dual-header.default\">\n\t\t\t\t\t\n\t\t<div class=\"elementor-widget-container\">\n\t\t\t\t\t<h2 class=\"premium-dual-header-first-header\"><span class=\"premium-dual-header-first-span\">Der Auftrag von <\/span><span class=\"premium-dual-header-second-header\">Beluga<\/span><\/h2> \t\t\t\t<\/div>\n\n\t\t\t\t\t\t<\/div>\n\t\t\t\t<div class=\"elementor-element elementor-element-15a0528 elementor-widget elementor-widget-text-editor\" data-id=\"15a0528\" data-element_type=\"widget\" data-e-type=\"widget\" data-widget_type=\"text-editor.default\">\n\t\t\t\t<div class=\"elementor-widget-container\">\n\t\t\t\t\t\t\t\t\tBei Beluga Loves You streben wir immer nach dem Besten f\u00fcr unsere G\u00e4ste. Wir ziehen es vor, so viel wie m\u00f6glich lokale Produkte zu verwenden. Schlie\u00dflich gibt es in der Umgebung so viel Sch\u00f6nes zu entdecken, wenn man sich nur umschaut.\t\t\t\t\t\t\t\t<\/div>\n\t\t\t\t<\/div>\n\t\t\t\t<div class=\"elementor-element elementor-element-ab49b4b elementor-widget elementor-widget-text-editor\" data-id=\"ab49b4b\" data-element_type=\"widget\" data-e-type=\"widget\" data-widget_type=\"text-editor.default\">\n\t\t\t\t<div class=\"elementor-widget-container\">\n\t\t\t\t\t\t\t\t\t<p>Es ist dann eine wunderbare Herausforderung, durch die Gerichte zu zeigen, dass wir auf alles, was unsere Region zu bieten hat, stolz sein k\u00f6nnen. Diese st\u00e4ndige Suche nach Einfachheit ist es, die meinen Beruf so fantastisch macht.<\/p>\t\t\t\t\t\t\t\t<\/div>\n\t\t\t\t<\/div>\n\t\t\t\t<\/div>\n\t\t\t\t\t<\/div>\n\t\t\t\t<\/div>\n\t\t<div class=\"elementor-element elementor-element-b5673d3 e-flex e-con-boxed e-con e-parent\" data-id=\"b5673d3\" data-element_type=\"container\" data-e-type=\"container\" data-settings=\"{&quot;background_background&quot;:&quot;classic&quot;,&quot;jet_parallax_layout_list&quot;:[]}\">\n\t\t\t\t\t<div class=\"e-con-inner\">\n\t\t\t\t<div class=\"elementor-element elementor-element-298abba premium-header-inline premium-header-inline premium-lq__none premium-box-lq__none elementor-widget elementor-widget-premium-addon-dual-header\" data-id=\"298abba\" data-element_type=\"widget\" data-e-type=\"widget\" data-widget_type=\"premium-addon-dual-header.default\">\n\t\t\t\t\t\n\t\t<div class=\"elementor-widget-container\">\n\t\t\t\t\t<h2 class=\"premium-dual-header-first-header\"><span class=\"premium-dual-header-first-span\">BLY <\/span><span class=\"premium-dual-header-second-header\">Men\u00fc<\/span><\/h2> \t\t\t\t<\/div>\n\n\t\t\t\t\t\t<\/div>\n\t\t\t\t<div class=\"elementor-element elementor-element-9c8751f elementor-widget elementor-widget-heading\" data-id=\"9c8751f\" data-element_type=\"widget\" data-e-type=\"widget\" data-widget_type=\"heading.default\">\n\t\t\t\t<div class=\"elementor-widget-container\">\n\t\t\t\t\t<p class=\"elementor-heading-title elementor-size-default\">Sehen, riechen und schmecken Sie die Aromen der Saison. <\/p>\t\t\t\t<\/div>\n\t\t\t\t<\/div>\n\t\t<div class=\"elementor-element elementor-element-fcdbac5 e-con-full e-flex e-con e-child\" data-id=\"fcdbac5\" data-element_type=\"container\" data-e-type=\"container\" data-settings=\"{&quot;jet_parallax_layout_list&quot;:[]}\">\n\t\t<div class=\"elementor-element elementor-element-36db2f7 e-con-full e-flex e-con e-child\" data-id=\"36db2f7\" data-element_type=\"container\" data-e-type=\"container\" data-settings=\"{&quot;background_background&quot;:&quot;classic&quot;,&quot;jet_parallax_layout_list&quot;:[]}\">\n\t\t<div class=\"elementor-element elementor-element-ce6aa21 e-flex e-con-boxed e-con e-child\" data-id=\"ce6aa21\" data-element_type=\"container\" data-e-type=\"container\" data-settings=\"{&quot;jet_parallax_layout_list&quot;:[]}\">\n\t\t\t\t\t<div class=\"e-con-inner\">\n\t\t\t\t<div class=\"elementor-element elementor-element-2e7e465 elementor-widget elementor-widget-image\" data-id=\"2e7e465\" data-element_type=\"widget\" data-e-type=\"widget\" data-widget_type=\"image.default\">\n\t\t\t\t<div class=\"elementor-widget-container\">\n\t\t\t\t\t\t\t\t\t\t\t\t\t\t\t<img decoding=\"async\" width=\"1055\" height=\"1877\" src=\"https:\/\/belugalovesyou.com\/wp-content\/uploads\/2024\/02\/menu2024.jpg\" class=\"attachment-full size-full wp-image-1767\" alt=\"Men\u00fc\" srcset=\"https:\/\/belugalovesyou.com\/wp-content\/uploads\/2024\/02\/menu2024.jpg 1055w, https:\/\/belugalovesyou.com\/wp-content\/uploads\/2024\/02\/menu2024-169x300.jpg 169w, https:\/\/belugalovesyou.com\/wp-content\/uploads\/2024\/02\/menu2024-576x1024.jpg 576w, https:\/\/belugalovesyou.com\/wp-content\/uploads\/2024\/02\/menu2024-768x1366.jpg 768w, https:\/\/belugalovesyou.com\/wp-content\/uploads\/2024\/02\/menu2024-863x1536.jpg 863w, https:\/\/belugalovesyou.com\/wp-content\/uploads\/2024\/02\/menu2024-7x12.jpg 7w\" sizes=\"(max-width: 1055px) 100vw, 1055px\" \/>\t\t\t\t\t\t\t\t\t\t\t\t\t\t\t<\/div>\n\t\t\t\t<\/div>\n\t\t\t\t<div class=\"elementor-element elementor-element-d2106d9 premium-header-inline premium-header-inline premium-lq__none premium-box-lq__none elementor-widget elementor-widget-premium-addon-dual-header\" data-id=\"d2106d9\" data-element_type=\"widget\" data-e-type=\"widget\" data-widget_type=\"premium-addon-dual-header.default\">\n\t\t\t\t\t\n\t\t<div class=\"elementor-widget-container\">\n\t\t\t\t<a href=\"https:\/\/belugalovesyou.com\/de\/menu\/#3courselunch\">\n\t\t\t\t\t<p class=\"premium-dual-header-first-header\"><span class=\"premium-dual-header-first-span\">BLY <\/span><span class=\"premium-dual-header-second-header\">Men\u00fc<\/span><\/p> \t\t\t\t<\/a>\n\t\t\t\t<\/div>\n\n\t\t\t\t\t\t<\/div>\n\t\t\t\t<div class=\"elementor-element elementor-element-d560940 elementor-widget elementor-widget-text-editor\" data-id=\"d560940\" data-element_type=\"widget\" data-e-type=\"widget\" data-widget_type=\"text-editor.default\">\n\t\t\t\t<div class=\"elementor-widget-container\">\n\t\t\t\t\t\t\t\t\t<p>Genie\u00dfen Sie unser preisgekr\u00f6ntes BLY-Men\u00fc! W\u00e4hlen Sie zwischen einem 4-, 5- oder 6-G\u00e4nge-Mittagessen oder einem 6-, 7- oder 8-G\u00e4nge-Abendessen.\u00a0<\/p>\t\t\t\t\t\t\t\t<\/div>\n\t\t\t\t<\/div>\n\t\t\t\t\t<\/div>\n\t\t\t\t<\/div>\n\t\t\t\t<div class=\"elementor-element elementor-element-318127a elementor-align-justify elementor-widget elementor-widget-button\" data-id=\"318127a\" data-element_type=\"widget\" data-e-type=\"widget\" data-widget_type=\"button.default\">\n\t\t\t\t<div class=\"elementor-widget-container\">\n\t\t\t\t\t\t\t\t\t<div class=\"elementor-button-wrapper\">\n\t\t\t\t\t<a class=\"elementor-button elementor-button-link elementor-size-sm\" href=\"https:\/\/belugalovesyou.com\/de\/menu\/#menu\">\n\t\t\t\t\t\t<span class=\"elementor-button-content-wrapper\">\n\t\t\t\t\t\t\t\t\t<span class=\"elementor-button-text\">Men\u00fc<\/span>\n\t\t\t\t\t<\/span>\n\t\t\t\t\t<\/a>\n\t\t\t\t<\/div>\n\t\t\t\t\t\t\t\t<\/div>\n\t\t\t\t<\/div>\n\t\t\t\t<\/div>\n\t\t<div class=\"elementor-element elementor-element-0806e83 e-con-full e-flex e-con e-child\" data-id=\"0806e83\" data-element_type=\"container\" data-e-type=\"container\" data-settings=\"{&quot;jet_parallax_layout_list&quot;:[]}\">\n\t\t<div class=\"elementor-element elementor-element-b1fa1ce e-flex e-con-boxed e-con e-child\" data-id=\"b1fa1ce\" data-element_type=\"container\" data-e-type=\"container\" data-settings=\"{&quot;jet_parallax_layout_list&quot;:[]}\">\n\t\t\t\t\t<div class=\"e-con-inner\">\n\t\t\t\t<div class=\"elementor-element elementor-element-69fcf0a elementor-widget elementor-widget-image\" data-id=\"69fcf0a\" data-element_type=\"widget\" data-e-type=\"widget\" data-widget_type=\"image.default\">\n\t\t\t\t<div class=\"elementor-widget-container\">\n\t\t\t\t\t\t\t\t\t\t\t\t\t\t\t<img loading=\"lazy\" decoding=\"async\" width=\"1055\" height=\"1875\" src=\"https:\/\/belugalovesyou.com\/wp-content\/uploads\/2024\/02\/surprise-menu.jpg\" class=\"attachment-full size-full wp-image-1744\" alt=\"\u00dcberraschungsmen\u00fc\" srcset=\"https:\/\/belugalovesyou.com\/wp-content\/uploads\/2024\/02\/surprise-menu.jpg 1055w, https:\/\/belugalovesyou.com\/wp-content\/uploads\/2024\/02\/surprise-menu-169x300.jpg 169w, https:\/\/belugalovesyou.com\/wp-content\/uploads\/2024\/02\/surprise-menu-576x1024.jpg 576w, https:\/\/belugalovesyou.com\/wp-content\/uploads\/2024\/02\/surprise-menu-768x1365.jpg 768w, https:\/\/belugalovesyou.com\/wp-content\/uploads\/2024\/02\/surprise-menu-864x1536.jpg 864w, https:\/\/belugalovesyou.com\/wp-content\/uploads\/2024\/02\/surprise-menu-7x12.jpg 7w\" sizes=\"(max-width: 1055px) 100vw, 1055px\" \/>\t\t\t\t\t\t\t\t\t\t\t\t\t\t\t<\/div>\n\t\t\t\t<\/div>\n\t\t\t\t<div class=\"elementor-element elementor-element-a0dccf8 premium-header-inline premium-header-inline premium-lq__none premium-box-lq__none elementor-widget elementor-widget-premium-addon-dual-header\" data-id=\"a0dccf8\" data-element_type=\"widget\" data-e-type=\"widget\" data-widget_type=\"premium-addon-dual-header.default\">\n\t\t\t\t\t\n\t\t<div class=\"elementor-widget-container\">\n\t\t\t\t<a href=\"https:\/\/belugalovesyou.com\/de\/menu\/#4course\">\n\t\t\t\t\t<p class=\"premium-dual-header-first-header\"><span class=\"premium-dual-header-first-span\">Servais <\/span><span class=\"premium-dual-header-second-header\">Auswahl<\/span><\/p> \t\t\t\t<\/a>\n\t\t\t\t<\/div>\n\n\t\t\t\t\t\t<\/div>\n\t\t\t\t<div class=\"elementor-element elementor-element-d24635d elementor-widget elementor-widget-text-editor\" data-id=\"d24635d\" data-element_type=\"widget\" data-e-type=\"widget\" data-widget_type=\"text-editor.default\">\n\t\t\t\t<div class=\"elementor-widget-container\">\n\t\t\t\t\t\t\t\t\t<p>Wir servieren Ihnen ein 4-G\u00e4nge-Men\u00fc inklusive Aperitif, 4 Gl\u00e4ser passender Weine und Tischwasser f\u00fcr nur 155 Euro.\u00a0<\/p>\t\t\t\t\t\t\t\t<\/div>\n\t\t\t\t<\/div>\n\t\t\t\t\t<\/div>\n\t\t\t\t<\/div>\n\t\t\t\t<div class=\"elementor-element elementor-element-a7ea46f elementor-align-justify elementor-widget elementor-widget-button\" data-id=\"a7ea46f\" data-element_type=\"widget\" data-e-type=\"widget\" data-widget_type=\"button.default\">\n\t\t\t\t<div class=\"elementor-widget-container\">\n\t\t\t\t\t\t\t\t\t<div class=\"elementor-button-wrapper\">\n\t\t\t\t\t<a class=\"elementor-button elementor-button-link elementor-size-sm\" href=\"https:\/\/belugalovesyou.com\/de\/menu\/#special\">\n\t\t\t\t\t\t<span class=\"elementor-button-content-wrapper\">\n\t\t\t\t\t\t\t\t\t<span class=\"elementor-button-text\">Men\u00fc<\/span>\n\t\t\t\t\t<\/span>\n\t\t\t\t\t<\/a>\n\t\t\t\t<\/div>\n\t\t\t\t\t\t\t\t<\/div>\n\t\t\t\t<\/div>\n\t\t\t\t<\/div>\n\t\t<div class=\"elementor-element elementor-element-8758b46 e-con-full e-flex e-con e-child\" data-id=\"8758b46\" data-element_type=\"container\" data-e-type=\"container\" data-settings=\"{&quot;jet_parallax_layout_list&quot;:[]}\">\n\t\t<div class=\"elementor-element elementor-element-0b20230 e-flex e-con-boxed e-con e-child\" data-id=\"0b20230\" data-element_type=\"container\" data-e-type=\"container\" data-settings=\"{&quot;jet_parallax_layout_list&quot;:[]}\">\n\t\t\t\t\t<div class=\"e-con-inner\">\n\t\t\t\t<div class=\"elementor-element elementor-element-e549133 elementor-widget elementor-widget-image\" data-id=\"e549133\" data-element_type=\"widget\" data-e-type=\"widget\" data-widget_type=\"image.default\">\n\t\t\t\t<div class=\"elementor-widget-container\">\n\t\t\t\t\t\t\t\t\t\t\t\t\t\t\t<img loading=\"lazy\" decoding=\"async\" width=\"1055\" height=\"1876\" src=\"https:\/\/belugalovesyou.com\/wp-content\/uploads\/2024\/04\/www.socially.nl_2024-03-29_Beluga-Loves-You_HighRes_002.jpg\" class=\"attachment-full size-full wp-image-1813\" alt=\"\" srcset=\"https:\/\/belugalovesyou.com\/wp-content\/uploads\/2024\/04\/www.socially.nl_2024-03-29_Beluga-Loves-You_HighRes_002.jpg 1055w, https:\/\/belugalovesyou.com\/wp-content\/uploads\/2024\/04\/www.socially.nl_2024-03-29_Beluga-Loves-You_HighRes_002-169x300.jpg 169w, https:\/\/belugalovesyou.com\/wp-content\/uploads\/2024\/04\/www.socially.nl_2024-03-29_Beluga-Loves-You_HighRes_002-576x1024.jpg 576w, https:\/\/belugalovesyou.com\/wp-content\/uploads\/2024\/04\/www.socially.nl_2024-03-29_Beluga-Loves-You_HighRes_002-768x1366.jpg 768w, https:\/\/belugalovesyou.com\/wp-content\/uploads\/2024\/04\/www.socially.nl_2024-03-29_Beluga-Loves-You_HighRes_002-864x1536.jpg 864w, https:\/\/belugalovesyou.com\/wp-content\/uploads\/2024\/04\/www.socially.nl_2024-03-29_Beluga-Loves-You_HighRes_002-7x12.jpg 7w\" sizes=\"(max-width: 1055px) 100vw, 1055px\" \/>\t\t\t\t\t\t\t\t\t\t\t\t\t\t\t<\/div>\n\t\t\t\t<\/div>\n\t\t\t\t<div class=\"elementor-element elementor-element-a510778 premium-header-inline premium-header-inline premium-lq__none premium-box-lq__none elementor-widget elementor-widget-premium-addon-dual-header\" data-id=\"a510778\" data-element_type=\"widget\" data-e-type=\"widget\" data-widget_type=\"premium-addon-dual-header.default\">\n\t\t\t\t\t\n\t\t<div class=\"elementor-widget-container\">\n\t\t\t\t<a href=\"https:\/\/belugalovesyou.com\/de\/menu\/#7course\">\n\t\t\t\t\t<p class=\"premium-dual-header-first-header\"><span class=\"premium-dual-header-first-span\">BLY <\/span><span class=\"premium-dual-header-second-header\">Business<\/span><\/p> \t\t\t\t<\/a>\n\t\t\t\t<\/div>\n\n\t\t\t\t\t\t<\/div>\n\t\t\t\t<div class=\"elementor-element elementor-element-2908f0d elementor-widget elementor-widget-text-editor\" data-id=\"2908f0d\" data-element_type=\"widget\" data-e-type=\"widget\" data-widget_type=\"text-editor.default\">\n\t\t\t\t<div class=\"elementor-widget-container\">\n\t\t\t\t\t\t\t\t\t<p>Genie\u00dfen Sie ein Gesch\u00e4ftsessen mit Ihrem Kunden oder Partner? Das k\u00f6nnen Sie bei Beluga Loves You!<\/p>\t\t\t\t\t\t\t\t<\/div>\n\t\t\t\t<\/div>\n\t\t\t\t\t<\/div>\n\t\t\t\t<\/div>\n\t\t\t\t<div class=\"elementor-element elementor-element-35d0314 elementor-align-justify elementor-widget elementor-widget-button\" data-id=\"35d0314\" data-element_type=\"widget\" data-e-type=\"widget\" data-widget_type=\"button.default\">\n\t\t\t\t<div class=\"elementor-widget-container\">\n\t\t\t\t\t\t\t\t\t<div class=\"elementor-button-wrapper\">\n\t\t\t\t\t<a class=\"elementor-button elementor-button-link elementor-size-sm\" href=\"https:\/\/belugalovesyou.com\/de\/menu\/#business\">\n\t\t\t\t\t\t<span class=\"elementor-button-content-wrapper\">\n\t\t\t\t\t\t\t\t\t<span class=\"elementor-button-text\">Men\u00fc<\/span>\n\t\t\t\t\t<\/span>\n\t\t\t\t\t<\/a>\n\t\t\t\t<\/div>\n\t\t\t\t\t\t\t\t<\/div>\n\t\t\t\t<\/div>\n\t\t\t\t<\/div>\n\t\t\t\t<\/div>\n\t\t\t\t\t<\/div>\n\t\t\t\t<\/div>\n\t\t<div class=\"elementor-element elementor-element-d7ecb39 e-flex e-con-boxed e-con e-parent\" data-id=\"d7ecb39\" data-element_type=\"container\" data-e-type=\"container\" data-settings=\"{&quot;jet_parallax_layout_list&quot;:[]}\">\n\t\t\t\t\t<div class=\"e-con-inner\">\n\t\t\t\t<div class=\"elementor-element elementor-element-b265278 premium-header-block premium-header-inline premium-lq__none premium-box-lq__none elementor-widget elementor-widget-premium-addon-dual-header\" data-id=\"b265278\" data-element_type=\"widget\" data-e-type=\"widget\" data-widget_type=\"premium-addon-dual-header.default\">\n\t\t\t\t\t\n\t\t<div class=\"elementor-widget-container\">\n\t\t\t\t\t<h2 class=\"premium-dual-header-first-header\"><span class=\"premium-dual-header-first-span\">die Geschichte von <\/span><span class=\"premium-dual-header-second-header\">Beluga<\/span><\/h2> \t\t\t\t<\/div>\n\n\t\t\t\t\t\t<\/div>\n\t\t\t\t\t<\/div>\n\t\t\t\t<\/div>\n\t\t<div class=\"elementor-element elementor-element-2db4dad e-flex e-con-boxed e-con e-parent\" data-id=\"2db4dad\" data-element_type=\"container\" data-e-type=\"container\" id=\"background\" data-settings=\"{&quot;background_background&quot;:&quot;classic&quot;,&quot;jet_parallax_layout_list&quot;:[]}\">\n\t\t\t\t\t<div class=\"e-con-inner\">\n\t\t<div class=\"elementor-element elementor-element-c3b97d1 e-con-full elementor-hidden-tablet elementor-hidden-mobile e-flex e-con e-child\" data-id=\"c3b97d1\" data-element_type=\"container\" data-e-type=\"container\" data-settings=\"{&quot;jet_parallax_layout_list&quot;:[]}\">\n\t\t\t\t<\/div>\n\t\t<div class=\"elementor-element elementor-element-5831bdd e-con-full e-flex e-con e-child\" data-id=\"5831bdd\" data-element_type=\"container\" data-e-type=\"container\" data-settings=\"{&quot;jet_parallax_layout_list&quot;:[]}\">\n\t\t\t\t<div class=\"elementor-element elementor-element-cef78bc elementor-widget elementor-widget-heading\" data-id=\"cef78bc\" data-element_type=\"widget\" data-e-type=\"widget\" data-widget_type=\"heading.default\">\n\t\t\t\t<div class=\"elementor-widget-container\">\n\t\t\t\t\t<h2 class=\"elementor-heading-title elementor-size-default\">nichts ist verloren<\/h2>\t\t\t\t<\/div>\n\t\t\t\t<\/div>\n\t\t\t\t<div class=\"elementor-element elementor-element-478fa5a elementor-widget elementor-widget-text-editor\" data-id=\"478fa5a\" data-element_type=\"widget\" data-e-type=\"widget\" data-widget_type=\"text-editor.default\">\n\t\t\t\t<div class=\"elementor-widget-container\">\n\t\t\t\t\t\t\t\t\t<p>Bei Beluga Loves You legen wir Wert auf die Herkunft unserer Zutaten. Die Herkunft zieht sich wie ein roter Faden durch unsere Gerichte bei Beluga Loves You. Unsere Gerichte haben immer eine frische Note, mit einer Hauptzutat von hoher Qualit\u00e4t. Unsere Beilagen sind immer der Hauptzutat untergeordnet.<\/p>\t\t\t\t\t\t\t\t<\/div>\n\t\t\t\t<\/div>\n\t\t\t\t<div class=\"elementor-element elementor-element-b160dd2 elementor-widget elementor-widget-button\" data-id=\"b160dd2\" data-element_type=\"widget\" data-e-type=\"widget\" data-widget_type=\"button.default\">\n\t\t\t\t<div class=\"elementor-widget-container\">\n\t\t\t\t\t\t\t\t\t<div class=\"elementor-button-wrapper\">\n\t\t\t\t\t<a class=\"elementor-button elementor-button-link elementor-size-sm\" href=\"https:\/\/belugalovesyou.com\/de\/die-geschichte\/\">\n\t\t\t\t\t\t<span class=\"elementor-button-content-wrapper\">\n\t\t\t\t\t\t\t\t\t<span class=\"elementor-button-text\">Mehr lesen<\/span>\n\t\t\t\t\t<\/span>\n\t\t\t\t\t<\/a>\n\t\t\t\t<\/div>\n\t\t\t\t\t\t\t\t<\/div>\n\t\t\t\t<\/div>\n\t\t\t\t<\/div>\n\t\t\t\t\t<\/div>\n\t\t\t\t<\/div>\n\t\t\t\t<\/div>","protected":false},"excerpt":{"rendered":"<p>BELUGA LOVES YOU De missie van beluga Bij Beluga Loves You streven we altijd naar het \u00e1llerbeste voor onze gasten. Het liefst gebruiken we daarbij zoveel mogelijk lokale producten. Er is namelijk zoveel moois in de buurt te vinden, als je maar goed om je heen kijkt. Het is vervolgens een prachtige uitdaging om door [&hellip;]<\/p>\n","protected":false},"author":1,"featured_media":0,"parent":0,"menu_order":0,"comment_status":"closed","ping_status":"closed","template":"","meta":{"_mo_disable_npp":"","footnotes":""},"class_list":["post-130","page","type-page","status-publish","hentry"],"_links":{"self":[{"href":"https:\/\/belugalovesyou.com\/de\/wp-json\/wp\/v2\/pages\/130","targetHints":{"allow":["GET"]}}],"collection":[{"href":"https:\/\/belugalovesyou.com\/de\/wp-json\/wp\/v2\/pages"}],"about":[{"href":"https:\/\/belugalovesyou.com\/de\/wp-json\/wp\/v2\/types\/page"}],"author":[{"embeddable":true,"href":"https:\/\/belugalovesyou.com\/de\/wp-json\/wp\/v2\/users\/1"}],"replies":[{"embeddable":true,"href":"https:\/\/belugalovesyou.com\/de\/wp-json\/wp\/v2\/comments?post=130"}],"version-history":[{"count":23,"href":"https:\/\/belugalovesyou.com\/de\/wp-json\/wp\/v2\/pages\/130\/revisions"}],"predecessor-version":[{"id":2253,"href":"https:\/\/belugalovesyou.com\/de\/wp-json\/wp\/v2\/pages\/130\/revisions\/2253"}],"wp:attachment":[{"href":"https:\/\/belugalovesyou.com\/de\/wp-json\/wp\/v2\/media?parent=130"}],"curies":[{"name":"wp","href":"https:\/\/api.w.org\/{rel}","templated":true}]}}